{"id":9262,"date":"2024-02-29T14:36:04","date_gmt":"2024-02-29T14:36:04","guid":{"rendered":"https:\/\/myblog-m9a0qnx7yo.live-website.com\/?page_id=9262"},"modified":"2024-11-12T15:30:18","modified_gmt":"2024-11-12T15:30:18","slug":"blog","status":"publish","type":"page","link":"https:\/\/immob.casa\/es\/blog\/","title":{"rendered":"Blog"},"content":{"rendered":"\t\t<div data-elementor-type=\"wp-page\" data-elementor-id=\"9262\" class=\"elementor elementor-9262\">\n\t\t\t\t\t\t<section class=\"elementor-section elementor-top-section elementor-element elementor-element-95633b7 bg-dark2-mode elementor-section-stretched elementor-section-boxed elementor-section-height-default elementor-section-height-default\" data-id=\"95633b7\" data-element_type=\"section\" data-settings=\"{&quot;background_background&quot;:&quot;classic&quot;,&quot;stretch_section&quot;:&quot;section-stretched&quot;}\">\n\t\t\t\t\t\t<div class=\"elementor-container elementor-column-gap-default\">\n\t\t\t\t\t<div class=\"elementor-column elementor-col-100 elementor-top-column elementor-element elementor-element-42f4536\" data-id=\"42f4536\" data-element_type=\"column\">\n\t\t\t<div class=\"elementor-widget-wrap elementor-element-populated\">\n\t\t\t\t\t\t<div class=\"elementor-element elementor-element-324d9f3 elementor-widget elementor-widget-mo-posts\" data-id=\"324d9f3\" data-element_type=\"widget\" data-widget_type=\"mo-posts.default\">\n\t\t\t\t<div class=\"elementor-widget-container\">\n\t\t\t<div class=\"mo-element-mo-posts mo-element\"><div class=\"mo-posts-grid clearfix mo-posts\">\n  <div class=\"mo-content-items\"> \n    <div class=\"lg-block-grid-3 md-block-grid-3 sm-block-grid-2 xs-block-grid-1 xx-block-grid-1\">\n    <div id=\"post-9360\" class=\"post-9360 post type-post status-publish format-standard has-post-thumbnail hentry category-sin-categorizar\">\n\t<div class=\"grid-mid-post\">\n\t<div class=\"format-post\">\n\t\t\t<figure>\n\t\t\t\t<a class=\"arrow-post\" href=\"https:\/\/immob.casa\/es\/5-ventajas-de-invertir-en-bienes-raices-seguridad-y-rentabilidad-para-tu-futuro-financiero\/\"> <span><\/span><\/a>\n\t\t\t\t<a href=\"https:\/\/immob.casa\/es\/5-ventajas-de-invertir-en-bienes-raices-seguridad-y-rentabilidad-para-tu-futuro-financiero\/\"><img fetchpriority=\"high\" decoding=\"async\" width=\"720\" height=\"520\" src=\"https:\/\/immob.casa\/wp-content\/uploads\/2024\/03\/5-ventajas-de-invertir-en-bienes-raices-720x520.jpg\" class=\"attachment-saga-small size-saga-small wp-post-image\" alt=\"\" \/><\/a>\n\t\t\t<\/figure>\n\t\t<div class=\"content-post\">\n\t\t    <a class=\"cat-name\" href=\"https:\/\/immob.casa\/category\/sin-categorizar\/\">Sin categorizar<\/a>\n\t\t\t<h3 class=\"post-title\"><a href=\"https:\/\/immob.casa\/es\/5-ventajas-de-invertir-en-bienes-raices-seguridad-y-rentabilidad-para-tu-futuro-financiero\/\"> 5 ventajas de invertir en bienes ra\u00edces: Seguridad y rentabilidad para tu futuro financiero<\/a><\/h3>\n\t\t\t<ul class=\"meta-post\">\n\t\t\t\t<li class=\"date\">marzo 1, 2024<\/li>\n\t\t\t\t<li><div class=\"author\"><\/div><\/li>\n\t\t\t<\/ul>\n\t\t<\/div><\/div>\t<\/div>\n<\/div>       <div id=\"post-9349\" class=\"post-9349 post type-post status-publish format-standard has-post-thumbnail hentry category-sin-categorizar\">\n\t<div class=\"grid-mid-post\">\n\t<div class=\"format-post\">\n\t\t\t<figure>\n\t\t\t\t<a class=\"arrow-post\" href=\"https:\/\/immob.casa\/es\/guia-esencial-para-la-compra-de-viviendas-pasos-a-seguir-para-hacer-una-inversion-inteligente\/\"> <span><\/span><\/a>\n\t\t\t\t<a href=\"https:\/\/immob.casa\/es\/guia-esencial-para-la-compra-de-viviendas-pasos-a-seguir-para-hacer-una-inversion-inteligente\/\"><img decoding=\"async\" width=\"720\" height=\"520\" src=\"https:\/\/immob.casa\/wp-content\/uploads\/2024\/03\/guia-esencial-para-la-compra-de-viviendas-720x520.jpg\" class=\"attachment-saga-small size-saga-small wp-post-image\" alt=\"\" \/><\/a>\n\t\t\t<\/figure>\n\t\t<div class=\"content-post\">\n\t\t    <a class=\"cat-name\" href=\"https:\/\/immob.casa\/category\/sin-categorizar\/\">Sin categorizar<\/a>\n\t\t\t<h3 class=\"post-title\"><a href=\"https:\/\/immob.casa\/es\/guia-esencial-para-la-compra-de-viviendas-pasos-a-seguir-para-hacer-una-inversion-inteligente\/\"> Gu\u00eda Esencial para la Compra de Viviendas: Pasos a Seguir para Hacer una Inversi\u00f3n Inteligente<\/a><\/h3>\n\t\t\t<ul class=\"meta-post\">\n\t\t\t\t<li class=\"date\">marzo 1, 2024<\/li>\n\t\t\t\t<li><div class=\"author\"><\/div><\/li>\n\t\t\t<\/ul>\n\t\t<\/div><\/div>\t<\/div>\n<\/div>       <div id=\"post-9331\" class=\"post-9331 post type-post status-publish format-standard has-post-thumbnail hentry category-sin-categorizar\">\n\t<div class=\"grid-mid-post\">\n\t<div class=\"format-post\">\n\t\t\t<figure>\n\t\t\t\t<a class=\"arrow-post\" href=\"https:\/\/immob.casa\/es\/los-principales-factores-que-afectan-a-los-precios-del-mercado-inmobiliario\/\"> <span><\/span><\/a>\n\t\t\t\t<a href=\"https:\/\/immob.casa\/es\/los-principales-factores-que-afectan-a-los-precios-del-mercado-inmobiliario\/\"><img decoding=\"async\" width=\"720\" height=\"520\" src=\"https:\/\/immob.casa\/wp-content\/uploads\/2024\/03\/los-principales-factores-que-afectan-a-los-precios-del-mercado-inmobiliario-720x520.jpg\" class=\"attachment-saga-small size-saga-small wp-post-image\" alt=\"\" \/><\/a>\n\t\t\t<\/figure>\n\t\t<div class=\"content-post\">\n\t\t    <a class=\"cat-name\" href=\"https:\/\/immob.casa\/category\/sin-categorizar\/\">Sin categorizar<\/a>\n\t\t\t<h3 class=\"post-title\"><a href=\"https:\/\/immob.casa\/es\/los-principales-factores-que-afectan-a-los-precios-del-mercado-inmobiliario\/\"> Los principales factores que afectan a los precios del mercado inmobiliario<\/a><\/h3>\n\t\t\t<ul class=\"meta-post\">\n\t\t\t\t<li class=\"date\">marzo 1, 2024<\/li>\n\t\t\t\t<li><div class=\"author\"><\/div><\/li>\n\t\t\t<\/ul>\n\t\t<\/div><\/div>\t<\/div>\n<\/div>           <\/div>\n  <\/div>\n  <\/div>\n<\/div>\t\t<\/div>\n\t\t\t\t<\/div>\n\t\t\t\t<div class=\"elementor-element elementor-element-5e81e23 elementor-widget elementor-widget-spacer\" data-id=\"5e81e23\" data-element_type=\"widget\" data-widget_type=\"spacer.default\">\n\t\t\t\t<div class=\"elementor-widget-container\">\n\t\t\t\t\t<div class=\"elementor-spacer\">\n\t\t\t<div class=\"elementor-spacer-inner\"><\/div>\n\t\t<\/div>\n\t\t\t\t<\/div>\n\t\t\t\t<\/div>\n\t\t\t\t\t<\/div>\n\t\t<\/div>\n\t\t\t\t\t<\/div>\n\t\t<\/section>\n\t\t\t\t<section class=\"elementor-section elementor-top-section elementor-element elementor-element-fdcf283 elementor-section-full_width elementor-section-stretched elementor-section-height-default elementor-section-height-default\" data-id=\"fdcf283\" data-element_type=\"section\" data-settings=\"{&quot;background_background&quot;:&quot;classic&quot;,&quot;stretch_section&quot;:&quot;section-stretched&quot;}\">\n\t\t\t\t\t\t<div class=\"elementor-container elementor-column-gap-default\">\n\t\t\t\t\t<div class=\"elementor-column elementor-col-100 elementor-top-column elementor-element elementor-element-462dc0d\" data-id=\"462dc0d\" data-element_type=\"column\">\n\t\t\t<div class=\"elementor-widget-wrap\">\n\t\t\t\t\t\t\t<\/div>\n\t\t<\/div>\n\t\t\t\t\t<\/div>\n\t\t<\/section>\n\t\t\t\t<\/div>\n\t\t","protected":false},"excerpt":{"rendered":"<p>Sin categorizar 5 ventajas de invertir en bienes ra\u00edces: Seguridad y rentabilidad para tu futuro financiero marzo 1, 2024 Sin categorizar Gu\u00eda Esencial para la Compra de Viviendas: Pasos a Seguir para Hacer una Inversi\u00f3n Inteligente marzo 1, 2024 Sin categorizar Los principales factores que afectan a los precios del mercado inmobiliario marzo 1, 2024<\/p>\n","protected":false},"author":2,"featured_media":0,"parent":0,"menu_order":0,"comment_status":"closed","ping_status":"closed","template":"","meta":{"om_disable_all_campaigns":false,"_joinchat":[],"footnotes":""},"class_list":["post-9262","page","type-page","status-publish","hentry"],"yoast_head":"<!-- This site is optimized with the Yoast SEO plugin v25.6 - https:\/\/yoast.com\/wordpress\/plugins\/seo\/ -->\n<title>Blog - IMMOB Assessors Immobiliaris<\/title>\n<meta name=\"robots\" content=\"index, follow, max-snippet:-1, max-image-preview:large, max-video-preview:-1\" \/>\n<link rel=\"canonical\" href=\"https:\/\/immob.casa\/es\/blog\/\" \/>\n<meta property=\"og:locale\" content=\"es_ES\" \/>\n<meta property=\"og:type\" content=\"article\" \/>\n<meta property=\"og:title\" content=\"Blog - IMMOB Assessors Immobiliaris\" \/>\n<meta property=\"og:description\" content=\"Sin categorizar 5 ventajas de invertir en bienes ra\u00edces: Seguridad y rentabilidad para tu futuro financiero marzo 1, 2024 Sin categorizar Gu\u00eda Esencial para la Compra de Viviendas: Pasos a Seguir para Hacer una Inversi\u00f3n Inteligente marzo 1, 2024 Sin categorizar Los principales factores que afectan a los precios del mercado inmobiliario marzo 1, 2024\" \/>\n<meta property=\"og:url\" content=\"https:\/\/immob.casa\/es\/blog\/\" \/>\n<meta property=\"og:site_name\" content=\"IMMOB Assessors Immobiliaris\" \/>\n<meta property=\"article:modified_time\" content=\"2024-11-12T15:30:18+00:00\" \/>\n<meta property=\"og:image\" content=\"https:\/\/myblog-m9a0qnx7yo.live-website.com\/wp-content\/uploads\/2024\/03\/5-ventajas-de-invertir-en-bienes-raices-720x520.jpg\" \/>\n<meta name=\"twitter:card\" content=\"summary_large_image\" \/>\n<meta name=\"twitter:label1\" content=\"Tiempo de lectura\" \/>\n\t<meta name=\"twitter:data1\" content=\"1 minuto\" \/>\n<script type=\"application\/ld+json\" class=\"yoast-schema-graph\">{\"@context\":\"https:\/\/schema.org\",\"@graph\":[{\"@type\":\"WebPage\",\"@id\":\"https:\/\/immob.casa\/es\/blog\/\",\"url\":\"https:\/\/immob.casa\/es\/blog\/\",\"name\":\"Blog - IMMOB Assessors Immobiliaris\",\"isPartOf\":{\"@id\":\"https:\/\/immob.casa\/es\/#website\"},\"primaryImageOfPage\":{\"@id\":\"https:\/\/immob.casa\/es\/blog\/#primaryimage\"},\"image\":{\"@id\":\"https:\/\/immob.casa\/es\/blog\/#primaryimage\"},\"thumbnailUrl\":\"https:\/\/myblog-m9a0qnx7yo.live-website.com\/wp-content\/uploads\/2024\/03\/5-ventajas-de-invertir-en-bienes-raices-720x520.jpg\",\"datePublished\":\"2024-02-29T14:36:04+00:00\",\"dateModified\":\"2024-11-12T15:30:18+00:00\",\"breadcrumb\":{\"@id\":\"https:\/\/immob.casa\/es\/blog\/#breadcrumb\"},\"inLanguage\":\"es\",\"potentialAction\":[{\"@type\":\"ReadAction\",\"target\":[\"https:\/\/immob.casa\/es\/blog\/\"]}]},{\"@type\":\"ImageObject\",\"inLanguage\":\"es\",\"@id\":\"https:\/\/immob.casa\/es\/blog\/#primaryimage\",\"url\":\"https:\/\/myblog-m9a0qnx7yo.live-website.com\/wp-content\/uploads\/2024\/03\/5-ventajas-de-invertir-en-bienes-raices-720x520.jpg\",\"contentUrl\":\"https:\/\/myblog-m9a0qnx7yo.live-website.com\/wp-content\/uploads\/2024\/03\/5-ventajas-de-invertir-en-bienes-raices-720x520.jpg\"},{\"@type\":\"BreadcrumbList\",\"@id\":\"https:\/\/immob.casa\/es\/blog\/#breadcrumb\",\"itemListElement\":[{\"@type\":\"ListItem\",\"position\":1,\"name\":\"Home\",\"item\":\"https:\/\/immob.casa\/es\/\"},{\"@type\":\"ListItem\",\"position\":2,\"name\":\"Blog\"}]},{\"@type\":\"WebSite\",\"@id\":\"https:\/\/immob.casa\/es\/#website\",\"url\":\"https:\/\/immob.casa\/es\/\",\"name\":\"Consejeros del hogar\",\"description\":\"IMMOB Assessors Immobiliaris\",\"potentialAction\":[{\"@type\":\"SearchAction\",\"target\":{\"@type\":\"EntryPoint\",\"urlTemplate\":\"https:\/\/immob.casa\/es\/?s={search_term_string}\"},\"query-input\":{\"@type\":\"PropertyValueSpecification\",\"valueRequired\":true,\"valueName\":\"search_term_string\"}}],\"inLanguage\":\"es\"}]}<\/script>\n<!-- \/ Yoast SEO plugin. -->","yoast_head_json":{"title":"Blog - IMMOB Assessors Immobiliaris","robots":{"index":"index","follow":"follow","max-snippet":"max-snippet:-1","max-image-preview":"max-image-preview:large","max-video-preview":"max-video-preview:-1"},"canonical":"https:\/\/immob.casa\/es\/blog\/","og_locale":"es_ES","og_type":"article","og_title":"Blog - IMMOB Assessors Immobiliaris","og_description":"Sin categorizar 5 ventajas de invertir en bienes ra\u00edces: Seguridad y rentabilidad para tu futuro financiero marzo 1, 2024 Sin categorizar Gu\u00eda Esencial para la Compra de Viviendas: Pasos a Seguir para Hacer una Inversi\u00f3n Inteligente marzo 1, 2024 Sin categorizar Los principales factores que afectan a los precios del mercado inmobiliario marzo 1, 2024","og_url":"https:\/\/immob.casa\/es\/blog\/","og_site_name":"IMMOB Assessors Immobiliaris","article_modified_time":"2024-11-12T15:30:18+00:00","og_image":[{"url":"https:\/\/myblog-m9a0qnx7yo.live-website.com\/wp-content\/uploads\/2024\/03\/5-ventajas-de-invertir-en-bienes-raices-720x520.jpg","type":"","width":"","height":""}],"twitter_card":"summary_large_image","twitter_misc":{"Tiempo de lectura":"1 minuto"},"schema":{"@context":"https:\/\/schema.org","@graph":[{"@type":"WebPage","@id":"https:\/\/immob.casa\/es\/blog\/","url":"https:\/\/immob.casa\/es\/blog\/","name":"Blog - IMMOB Assessors Immobiliaris","isPartOf":{"@id":"https:\/\/immob.casa\/es\/#website"},"primaryImageOfPage":{"@id":"https:\/\/immob.casa\/es\/blog\/#primaryimage"},"image":{"@id":"https:\/\/immob.casa\/es\/blog\/#primaryimage"},"thumbnailUrl":"https:\/\/myblog-m9a0qnx7yo.live-website.com\/wp-content\/uploads\/2024\/03\/5-ventajas-de-invertir-en-bienes-raices-720x520.jpg","datePublished":"2024-02-29T14:36:04+00:00","dateModified":"2024-11-12T15:30:18+00:00","breadcrumb":{"@id":"https:\/\/immob.casa\/es\/blog\/#breadcrumb"},"inLanguage":"es","potentialAction":[{"@type":"ReadAction","target":["https:\/\/immob.casa\/es\/blog\/"]}]},{"@type":"ImageObject","inLanguage":"es","@id":"https:\/\/immob.casa\/es\/blog\/#primaryimage","url":"https:\/\/myblog-m9a0qnx7yo.live-website.com\/wp-content\/uploads\/2024\/03\/5-ventajas-de-invertir-en-bienes-raices-720x520.jpg","contentUrl":"https:\/\/myblog-m9a0qnx7yo.live-website.com\/wp-content\/uploads\/2024\/03\/5-ventajas-de-invertir-en-bienes-raices-720x520.jpg"},{"@type":"BreadcrumbList","@id":"https:\/\/immob.casa\/es\/blog\/#breadcrumb","itemListElement":[{"@type":"ListItem","position":1,"name":"Home","item":"https:\/\/immob.casa\/es\/"},{"@type":"ListItem","position":2,"name":"Blog"}]},{"@type":"WebSite","@id":"https:\/\/immob.casa\/es\/#website","url":"https:\/\/immob.casa\/es\/","name":"Consejeros del hogar","description":"IMMOB Assessors Immobiliaris","potentialAction":[{"@type":"SearchAction","target":{"@type":"EntryPoint","urlTemplate":"https:\/\/immob.casa\/es\/?s={search_term_string}"},"query-input":{"@type":"PropertyValueSpecification","valueRequired":true,"valueName":"search_term_string"}}],"inLanguage":"es"}]}},"_links":{"self":[{"href":"https:\/\/immob.casa\/es\/wp-json\/wp\/v2\/pages\/9262"}],"collection":[{"href":"https:\/\/immob.casa\/es\/wp-json\/wp\/v2\/pages"}],"about":[{"href":"https:\/\/immob.casa\/es\/wp-json\/wp\/v2\/types\/page"}],"author":[{"embeddable":true,"href":"https:\/\/immob.casa\/es\/wp-json\/wp\/v2\/users\/2"}],"replies":[{"embeddable":true,"href":"https:\/\/immob.casa\/es\/wp-json\/wp\/v2\/comments?post=9262"}],"version-history":[{"count":7,"href":"https:\/\/immob.casa\/es\/wp-json\/wp\/v2\/pages\/9262\/revisions"}],"predecessor-version":[{"id":10489,"href":"https:\/\/immob.casa\/es\/wp-json\/wp\/v2\/pages\/9262\/revisions\/10489"}],"wp:attachment":[{"href":"https:\/\/immob.casa\/es\/wp-json\/wp\/v2\/media?parent=9262"}],"curies":[{"name":"wp","href":"https:\/\/api.w.org\/{rel}","templated":true}]}}