{"id":9108,"date":"2024-02-28T19:52:24","date_gmt":"2024-02-28T19:52:24","guid":{"rendered":"https:\/\/myblog-m9a0qnx7yo.live-website.com\/?page_id=9108"},"modified":"2024-12-09T18:46:32","modified_gmt":"2024-12-09T18:46:32","slug":"nosotros","status":"publish","type":"page","link":"https:\/\/immob.casa\/es\/nosotros\/","title":{"rendered":"Nosotros"},"content":{"rendered":"\t\t<div data-elementor-type=\"wp-page\" data-elementor-id=\"9108\" class=\"elementor elementor-9108\">\n\t\t\t\t<div class=\"elementor-element elementor-element-ec1b44c e-flex e-con-boxed e-con e-parent\" data-id=\"ec1b44c\" data-element_type=\"container\">\n\t\t\t\t\t<div class=\"e-con-inner\">\n\t\t\t\t<div class=\"elementor-element elementor-element-e812373 elementor-widget elementor-widget-heading\" data-id=\"e812373\" data-element_type=\"widget\" data-widget_type=\"heading.default\">\n\t\t\t\t<div class=\"elementor-widget-container\">\n\t\t\t<h3 class=\"elementor-heading-title elementor-size-default\">Sobre nosotros<\/h3>\t\t<\/div>\n\t\t\t\t<\/div>\n\t\t\t\t<div class=\"elementor-element elementor-element-b5f952c elementor-widget elementor-widget-text-editor\" data-id=\"b5f952c\" data-element_type=\"widget\" data-widget_type=\"text-editor.default\">\n\t\t\t\t<div class=\"elementor-widget-container\">\n\t\t\t\t\t\t\t<p style=\"text-align: center;\"><span style=\"font-weight: 400;\">IMMOB nace en el a\u00f1o 2001 con la vocaci\u00f3n de ser un referente en el trato con las personas.<\/span><\/p><p style=\"text-align: center;\"><span style=\"font-weight: 400;\">Por este motivo, cada integrante del equipo de IMMOB contribuye a formar una &#8220;familia empresarial&#8221;, en la que los valores personales de cada uno de los miembros y su s\u00f3lida \u00e9tica laboral ocupan una posici\u00f3n central, manifest\u00e1ndose claramente en unos resultados extraordinarios.<\/span><\/p><p style=\"text-align: center;\"><span style=\"font-weight: 400;\">Transformando la experiencia inmobiliaria, nuestra visi\u00f3n redefine la manera de trabajar en el mundo inmobiliario. Con una perspectiva orientada al cliente y una voluntad constante de superar expectativas, somos la opci\u00f3n vanguardista que est\u00e1 cambiando las normas del sector. Bajo el hashtag #clientescontentosIMMOB, nos comprometemos a ofrecer un servicio excepcional y a hacer que cada transacci\u00f3n inmobiliaria sea una experiencia positiva y memorable para nuestros clientes.<\/span><\/p><p style=\"text-align: center;\"><span style=\"font-weight: 400;\">\u00bfQu\u00e9 hacemos para lograrlo? A continuaci\u00f3n, destacamos nuestras principales estrategias:<\/span><\/p><p style=\"text-align: center;\"><span style=\"font-weight: 400;\">Contribuimos a guiar a las personas hacia decisiones bien informadas en relaci\u00f3n con su objetivo inmobiliario. Con ello, aspiramos a convertir la compra, venta o alquiler de su hogar en una experiencia f\u00e1cil, agradable y comprensible.<\/span><\/p><p style=\"text-align: center;\"><span style=\"font-weight: 400;\">Asesoramos a nuestros clientes como si la vivienda fuera para nosotros.<\/span><\/p><p style=\"text-align: center;\"><span style=\"font-weight: 400;\">Nuestra actuaci\u00f3n est\u00e1 guiada por principios \u00e9ticos; no participamos en pr\u00e1cticas de competencia desleal ni emitimos juicios negativos sobre otros profesionales del sector.\u00a0<\/span><\/p><p style=\"text-align: center;\"><span style=\"font-weight: 400;\">Estamos dispuestos a colaborar con todos los dem\u00e1s profesionales del sector con el objetivo de facilitar los procesos de venta o compra para nuestros clientes.<\/span><\/p><p style=\"text-align: center;\"><span style=\"font-weight: 400;\">Nuestra empresa est\u00e1 comprometida con el medio ambiente porque reconocemos la responsabilidad inherente que tenemos hacia nuestro entorno y las futuras generaciones. A trav\u00e9s de acciones y pr\u00e1cticas sostenibles, aspiramos a preservar la salud del planeta, reducir nuestra huella ecol\u00f3gica y fomentar un futuro m\u00e1s verde y equilibrado.<\/span><\/p>\t\t\t\t\t\t<\/div>\n\t\t\t\t<\/div>\n\t\t\t\t<div class=\"elementor-element elementor-element-6077a37 elementor-widget elementor-widget-spacer\" data-id=\"6077a37\" data-element_type=\"widget\" data-widget_type=\"spacer.default\">\n\t\t\t\t<div class=\"elementor-widget-container\">\n\t\t\t\t\t<div class=\"elementor-spacer\">\n\t\t\t<div class=\"elementor-spacer-inner\"><\/div>\n\t\t<\/div>\n\t\t\t\t<\/div>\n\t\t\t\t<\/div>\n\t\t\t\t<div class=\"elementor-element elementor-element-662b815 elementor-align-center elementor-widget elementor-widget-button\" data-id=\"662b815\" data-element_type=\"widget\" data-widget_type=\"button.default\">\n\t\t\t\t<div class=\"elementor-widget-container\">\n\t\t\t\t\t<div class=\"elementor-button-wrapper\">\n\t\t\t<a class=\"elementor-button elementor-button-link elementor-size-sm\" href=\"\/es\/equipo\">\n\t\t\t\t\t\t<span class=\"elementor-button-content-wrapper\">\n\t\t\t\t\t\t\t\t\t<span class=\"elementor-button-text\">Conoce nuestro equipo<\/span>\n\t\t\t\t\t<\/span>\n\t\t\t\t\t<\/a>\n\t\t<\/div>\n\t\t\t\t<\/div>\n\t\t\t\t<\/div>\n\t\t\t\t<div class=\"elementor-element elementor-element-4c60151 elementor-widget elementor-widget-spacer\" data-id=\"4c60151\" data-element_type=\"widget\" data-widget_type=\"spacer.default\">\n\t\t\t\t<div class=\"elementor-widget-container\">\n\t\t\t\t\t<div class=\"elementor-spacer\">\n\t\t\t<div class=\"elementor-spacer-inner\"><\/div>\n\t\t<\/div>\n\t\t\t\t<\/div>\n\t\t\t\t<\/div>\n\t\t\t\t<div class=\"elementor-element elementor-element-16df72b elementor-widget elementor-widget-spacer\" data-id=\"16df72b\" data-element_type=\"widget\" data-widget_type=\"spacer.default\">\n\t\t\t\t<div class=\"elementor-widget-container\">\n\t\t\t\t\t<div class=\"elementor-spacer\">\n\t\t\t<div class=\"elementor-spacer-inner\"><\/div>\n\t\t<\/div>\n\t\t\t\t<\/div>\n\t\t\t\t<\/div>\n\t\t\t\t<div class=\"elementor-element elementor-element-2e68560 elementor-widget elementor-widget-spacer\" data-id=\"2e68560\" data-element_type=\"widget\" data-widget_type=\"spacer.default\">\n\t\t\t\t<div class=\"elementor-widget-container\">\n\t\t\t\t\t<div class=\"elementor-spacer\">\n\t\t\t<div class=\"elementor-spacer-inner\"><\/div>\n\t\t<\/div>\n\t\t\t\t<\/div>\n\t\t\t\t<\/div>\n\t\t\t\t\t<\/div>\n\t\t\t\t<\/div>\n\t\t\t\t<\/div>\n\t\t","protected":false},"excerpt":{"rendered":"<p>Sobre nosotros IMMOB nace en el a\u00f1o 2001 con la vocaci\u00f3n de ser un referente en el trato con las personas. Por este motivo, cada integrante del equipo de IMMOB contribuye a formar una &#8220;familia empresarial&#8221;, en la que los valores personales de cada uno de los miembros y su s\u00f3lida \u00e9tica laboral ocupan una [&hellip;]<\/p>\n","protected":false},"author":2,"featured_media":0,"parent":0,"menu_order":0,"comment_status":"closed","ping_status":"closed","template":"","meta":{"om_disable_all_campaigns":false,"_joinchat":[],"footnotes":""},"class_list":["post-9108","page","type-page","status-publish","hentry"],"yoast_head":"<!-- This site is optimized with the Yoast SEO plugin v25.6 - https:\/\/yoast.com\/wordpress\/plugins\/seo\/ -->\n<title>Nosotros<\/title>\n<meta name=\"robots\" content=\"index, follow, max-snippet:-1, max-image-preview:large, max-video-preview:-1\" \/>\n<link rel=\"canonical\" href=\"https:\/\/immob.casa\/es\/nosotros\/\" \/>\n<meta property=\"og:locale\" content=\"es_ES\" \/>\n<meta property=\"og:type\" content=\"article\" \/>\n<meta property=\"og:title\" content=\"Nosotros\" \/>\n<meta property=\"og:description\" content=\"Sobre nosotros IMMOB nace en el a\u00f1o 2001 con la vocaci\u00f3n de ser un referente en el trato con las personas. Por este motivo, cada integrante del equipo de IMMOB contribuye a formar una &#8220;familia empresarial&#8221;, en la que los valores personales de cada uno de los miembros y su s\u00f3lida \u00e9tica laboral ocupan una [&hellip;]\" \/>\n<meta property=\"og:url\" content=\"https:\/\/immob.casa\/es\/nosotros\/\" \/>\n<meta property=\"og:site_name\" content=\"IMMOB Assessors Immobiliaris\" \/>\n<meta property=\"article:modified_time\" content=\"2024-12-09T18:46:32+00:00\" \/>\n<meta name=\"twitter:card\" content=\"summary_large_image\" \/>\n<meta name=\"twitter:label1\" content=\"Tiempo de lectura\" \/>\n\t<meta name=\"twitter:data1\" content=\"2 minutos\" \/>\n<script type=\"application\/ld+json\" class=\"yoast-schema-graph\">{\"@context\":\"https:\/\/schema.org\",\"@graph\":[{\"@type\":\"WebPage\",\"@id\":\"https:\/\/immob.casa\/es\/nosotros\/\",\"url\":\"https:\/\/immob.casa\/es\/nosotros\/\",\"name\":\"Nosotros\",\"isPartOf\":{\"@id\":\"https:\/\/immob.casa\/es\/#website\"},\"datePublished\":\"2024-02-28T19:52:24+00:00\",\"dateModified\":\"2024-12-09T18:46:32+00:00\",\"breadcrumb\":{\"@id\":\"https:\/\/immob.casa\/es\/nosotros\/#breadcrumb\"},\"inLanguage\":\"es\",\"potentialAction\":[{\"@type\":\"ReadAction\",\"target\":[\"https:\/\/immob.casa\/es\/nosotros\/\"]}]},{\"@type\":\"BreadcrumbList\",\"@id\":\"https:\/\/immob.casa\/es\/nosotros\/#breadcrumb\",\"itemListElement\":[{\"@type\":\"ListItem\",\"position\":1,\"name\":\"Home\",\"item\":\"https:\/\/immob.casa\/es\/\"},{\"@type\":\"ListItem\",\"position\":2,\"name\":\"Nosotros\"}]},{\"@type\":\"WebSite\",\"@id\":\"https:\/\/immob.casa\/es\/#website\",\"url\":\"https:\/\/immob.casa\/es\/\",\"name\":\"Consejeros del hogar\",\"description\":\"IMMOB Assessors Immobiliaris\",\"potentialAction\":[{\"@type\":\"SearchAction\",\"target\":{\"@type\":\"EntryPoint\",\"urlTemplate\":\"https:\/\/immob.casa\/es\/?s={search_term_string}\"},\"query-input\":{\"@type\":\"PropertyValueSpecification\",\"valueRequired\":true,\"valueName\":\"search_term_string\"}}],\"inLanguage\":\"es\"}]}<\/script>\n<!-- \/ Yoast SEO plugin. -->","yoast_head_json":{"title":"Nosotros","robots":{"index":"index","follow":"follow","max-snippet":"max-snippet:-1","max-image-preview":"max-image-preview:large","max-video-preview":"max-video-preview:-1"},"canonical":"https:\/\/immob.casa\/es\/nosotros\/","og_locale":"es_ES","og_type":"article","og_title":"Nosotros","og_description":"Sobre nosotros IMMOB nace en el a\u00f1o 2001 con la vocaci\u00f3n de ser un referente en el trato con las personas. Por este motivo, cada integrante del equipo de IMMOB contribuye a formar una &#8220;familia empresarial&#8221;, en la que los valores personales de cada uno de los miembros y su s\u00f3lida \u00e9tica laboral ocupan una [&hellip;]","og_url":"https:\/\/immob.casa\/es\/nosotros\/","og_site_name":"IMMOB Assessors Immobiliaris","article_modified_time":"2024-12-09T18:46:32+00:00","twitter_card":"summary_large_image","twitter_misc":{"Tiempo de lectura":"2 minutos"},"schema":{"@context":"https:\/\/schema.org","@graph":[{"@type":"WebPage","@id":"https:\/\/immob.casa\/es\/nosotros\/","url":"https:\/\/immob.casa\/es\/nosotros\/","name":"Nosotros","isPartOf":{"@id":"https:\/\/immob.casa\/es\/#website"},"datePublished":"2024-02-28T19:52:24+00:00","dateModified":"2024-12-09T18:46:32+00:00","breadcrumb":{"@id":"https:\/\/immob.casa\/es\/nosotros\/#breadcrumb"},"inLanguage":"es","potentialAction":[{"@type":"ReadAction","target":["https:\/\/immob.casa\/es\/nosotros\/"]}]},{"@type":"BreadcrumbList","@id":"https:\/\/immob.casa\/es\/nosotros\/#breadcrumb","itemListElement":[{"@type":"ListItem","position":1,"name":"Home","item":"https:\/\/immob.casa\/es\/"},{"@type":"ListItem","position":2,"name":"Nosotros"}]},{"@type":"WebSite","@id":"https:\/\/immob.casa\/es\/#website","url":"https:\/\/immob.casa\/es\/","name":"Consejeros del hogar","description":"IMMOB Assessors Immobiliaris","potentialAction":[{"@type":"SearchAction","target":{"@type":"EntryPoint","urlTemplate":"https:\/\/immob.casa\/es\/?s={search_term_string}"},"query-input":{"@type":"PropertyValueSpecification","valueRequired":true,"valueName":"search_term_string"}}],"inLanguage":"es"}]}},"_links":{"self":[{"href":"https:\/\/immob.casa\/es\/wp-json\/wp\/v2\/pages\/9108"}],"collection":[{"href":"https:\/\/immob.casa\/es\/wp-json\/wp\/v2\/pages"}],"about":[{"href":"https:\/\/immob.casa\/es\/wp-json\/wp\/v2\/types\/page"}],"author":[{"embeddable":true,"href":"https:\/\/immob.casa\/es\/wp-json\/wp\/v2\/users\/2"}],"replies":[{"embeddable":true,"href":"https:\/\/immob.casa\/es\/wp-json\/wp\/v2\/comments?post=9108"}],"version-history":[{"count":60,"href":"https:\/\/immob.casa\/es\/wp-json\/wp\/v2\/pages\/9108\/revisions"}],"predecessor-version":[{"id":11074,"href":"https:\/\/immob.casa\/es\/wp-json\/wp\/v2\/pages\/9108\/revisions\/11074"}],"wp:attachment":[{"href":"https:\/\/immob.casa\/es\/wp-json\/wp\/v2\/media?parent=9108"}],"curies":[{"name":"wp","href":"https:\/\/api.w.org\/{rel}","templated":true}]}}