{"id":10426,"date":"2024-10-12T14:16:35","date_gmt":"2024-10-12T14:16:35","guid":{"rendered":"https:\/\/myblog-m9a0qnx7yo.live-website.com\/?page_id=10426"},"modified":"2024-12-10T14:10:36","modified_gmt":"2024-12-10T14:10:36","slug":"marinamasip","status":"publish","type":"page","link":"https:\/\/immob.casa\/es\/marinamasip\/","title":{"rendered":"marinamasip"},"content":{"rendered":"\t\t<div data-elementor-type=\"wp-page\" data-elementor-id=\"10426\" class=\"elementor elementor-10426\">\n\t\t\t\t<div class=\"elementor-element elementor-element-ec1b44c e-flex e-con-boxed e-con e-parent\" data-id=\"ec1b44c\" data-element_type=\"container\">\n\t\t\t\t\t<div class=\"e-con-inner\">\n\t\t\t\t<div class=\"elementor-element elementor-element-16df72b elementor-widget elementor-widget-spacer\" data-id=\"16df72b\" data-element_type=\"widget\" data-widget_type=\"spacer.default\">\n\t\t\t\t<div class=\"elementor-widget-container\">\n\t\t\t\t\t<div class=\"elementor-spacer\">\n\t\t\t<div class=\"elementor-spacer-inner\"><\/div>\n\t\t<\/div>\n\t\t\t\t<\/div>\n\t\t\t\t<\/div>\n\t\t\t\t\t<\/div>\n\t\t\t\t<\/div>\n\t\t<div class=\"elementor-element elementor-element-90b824c e-grid e-con-full elementor-hidden-tablet elementor-hidden-mobile e-con e-parent\" data-id=\"90b824c\" data-element_type=\"container\" data-settings=\"{&quot;background_background&quot;:&quot;classic&quot;}\">\n\t\t\t\t<div class=\"elementor-element elementor-element-53dde88 elementor-widget__width-inherit elementor-widget elementor-widget-text-editor\" data-id=\"53dde88\" data-element_type=\"widget\" data-widget_type=\"text-editor.default\">\n\t\t\t\t<div class=\"elementor-widget-container\">\n\t\t\t\t\t\t\t<h2><span style=\"color: #ffffff;\"><b>Marina Masip<\/b><\/span><\/h2><h6><span style=\"color: #ffffff;\"><b>\u201cAventurera y experta en el \u00e9xito inmobiliario\u201d<\/b><\/span><\/h6><p><span style=\"font-weight: 400; color: #ffffff;\">En 2022, Marina, nuestra brillante coordinadora de vendedores, aterriz\u00f3 en el apasionante universo inmobiliario con una misi\u00f3n clara: hacer que el proceso de venta sea no s\u00f3lo sencillo, sino tambi\u00e9n un rotundo \u00e9xito para los propietarios.\u00a0<\/span><\/p><p><span style=\"font-weight: 400; color: #ffffff;\">Con una licenciatura en Filolog\u00eda de Lengua Catalana e Inglesa, y respaldada por una amplia formaci\u00f3n especializada en bienes ra\u00edces, Marina es reconocida por su resoluci\u00f3n y su compromiso con la calidad del servicio.\u00a0<\/span><\/p><p><span style=\"font-weight: 400; color: #ffffff;\">Su enfoque meticuloso y su dedicaci\u00f3n para superar expectativas la han convertido en una figura clave para aquellos que buscan vender sus propiedades de manera eficiente y exitosa. La experiencia y el conocimiento de Marina son las herramientas que necesitas para navegar por el complejo mundo de las transacciones inmobiliarias con confianza y tranquilidad.\u00a0<\/span><\/p><p><span style=\"font-weight: 400; color: #ffffff;\">Pero Marina no es solo una experta inmobiliaria; es una amante de la vida y la aventura. Fuera del \u00e1mbito laboral, encontrar\u00e1s a Marina explorando diferentes rincones del mundo, siempre lista para una nueva aventura. Su amor por la familia y los amigos la hace una compa\u00f1era incre\u00edblemente sociable, \u00a1siempre lista para sumarse a cualquier plan! Pero, claro, tambi\u00e9n disfruta de esos momentos preciosos de tranquilidad, sumergida en una buena lectura en el sof\u00e1, en la agradable compa\u00f1\u00eda de su querida mascota.<\/span><\/p>\t\t\t\t\t\t<\/div>\n\t\t\t\t<\/div>\n\t\t\t\t<\/div>\n\t\t<div class=\"elementor-element elementor-element-c1e63da e-flex e-con-boxed e-con e-parent\" data-id=\"c1e63da\" data-element_type=\"container\">\n\t\t\t\t\t<div class=\"e-con-inner\">\n\t\t\t\t<div class=\"elementor-element elementor-element-da5a10d elementor-hidden-desktop elementor-widget elementor-widget-image\" data-id=\"da5a10d\" data-element_type=\"widget\" data-widget_type=\"image.default\">\n\t\t\t\t<div class=\"elementor-widget-container\">\n\t\t\t\t\t\t\t\t\t\t\t\t\t<img fetchpriority=\"high\" decoding=\"async\" width=\"648\" height=\"800\" src=\"https:\/\/immob.casa\/wp-content\/uploads\/2024\/12\/marina.jpg\" class=\"attachment-large size-large wp-image-11180\" alt=\"\" srcset=\"https:\/\/immob.casa\/wp-content\/uploads\/2024\/12\/marina.jpg 648w, https:\/\/immob.casa\/wp-content\/uploads\/2024\/12\/marina-243x300.jpg 243w\" sizes=\"(max-width: 648px) 100vw, 648px\" \/>\t\t\t\t\t\t\t\t\t\t\t\t\t<\/div>\n\t\t\t\t<\/div>\n\t\t\t\t<div class=\"elementor-element elementor-element-188aec7 elementor-widget__width-inherit elementor-hidden-desktop elementor-widget elementor-widget-text-editor\" data-id=\"188aec7\" data-element_type=\"widget\" data-widget_type=\"text-editor.default\">\n\t\t\t\t<div class=\"elementor-widget-container\">\n\t\t\t\t\t\t\t<h2><span><b>Marina Masip<\/b><\/span><\/h2>\n<h6><span><b>\u201cAventurera y experta en el \u00e9xito inmobiliario\u201d<\/b><\/span><\/h6>\n<span style=\"font-weight: 400; \">En 2022, Marina, nuestra brillante coordinadora de vendedores, aterriz\u00f3 en el apasionante universo inmobiliario con una misi\u00f3n clara: hacer que el proceso de venta sea no s\u00f3lo sencillo, sino tambi\u00e9n un rotundo \u00e9xito para los propietarios.\u00a0<\/span>\n\n<span style=\"font-weight: 400; \">Con una licenciatura en Filolog\u00eda de Lengua Catalana e Inglesa, y respaldada por una amplia formaci\u00f3n especializada en bienes ra\u00edces, Marina es reconocida por su resoluci\u00f3n y su compromiso con la calidad del servicio.\u00a0<\/span>\n\n<span style=\"font-weight: 400; \">Su enfoque meticuloso y su dedicaci\u00f3n para superar expectativas la han convertido en una figura clave para aquellos que buscan vender sus propiedades de manera eficiente y exitosa. La experiencia y el conocimiento de Marina son las herramientas que necesitas para navegar por el complejo mundo de las transacciones inmobiliarias con confianza y tranquilidad.\u00a0<\/span>\n\n<span style=\"font-weight: 400; \">Pero Marina no es solo una experta inmobiliaria; es una amante de la vida y la aventura. Fuera del \u00e1mbito laboral, encontrar\u00e1s a Marina explorando diferentes rincones del mundo, siempre lista para una nueva aventura. Su amor por la familia y los amigos la hace una compa\u00f1era incre\u00edblemente sociable, \u00a1siempre lista para sumarse a cualquier plan! Pero, claro, tambi\u00e9n disfruta de esos momentos preciosos de tranquilidad, sumergida en una buena lectura en el sof\u00e1, en la agradable compa\u00f1\u00eda de su querida mascota.<\/span>\t\t\t\t\t\t<\/div>\n\t\t\t\t<\/div>\n\t\t\t\t\t<\/div>\n\t\t\t\t<\/div>\n\t\t<div class=\"elementor-element elementor-element-f1ad1cb e-flex e-con-boxed e-con e-parent\" data-id=\"f1ad1cb\" data-element_type=\"container\">\n\t\t\t\t\t<div class=\"e-con-inner\">\n\t\t\t\t<div class=\"elementor-element elementor-element-bccbb75 elementor-align-center elementor-widget elementor-widget-button\" data-id=\"bccbb75\" data-element_type=\"widget\" data-widget_type=\"button.default\">\n\t\t\t\t<div class=\"elementor-widget-container\">\n\t\t\t\t\t<div class=\"elementor-button-wrapper\">\n\t\t\t<a class=\"elementor-button elementor-button-link elementor-size-sm\" href=\"\/es\/equipo\">\n\t\t\t\t\t\t<span class=\"elementor-button-content-wrapper\">\n\t\t\t\t\t\t\t\t\t<span class=\"elementor-button-text\">Nuestro equipo<\/span>\n\t\t\t\t\t<\/span>\n\t\t\t\t\t<\/a>\n\t\t<\/div>\n\t\t\t\t<\/div>\n\t\t\t\t<\/div>\n\t\t\t\t\t<\/div>\n\t\t\t\t<\/div>\n\t\t<div class=\"elementor-element elementor-element-b590940 e-flex e-con-boxed e-con e-parent\" data-id=\"b590940\" data-element_type=\"container\">\n\t\t\t\t\t<div class=\"e-con-inner\">\n\t\t\t\t<div class=\"elementor-element elementor-element-5b7b749 elementor-widget elementor-widget-spacer\" data-id=\"5b7b749\" data-element_type=\"widget\" data-widget_type=\"spacer.default\">\n\t\t\t\t<div class=\"elementor-widget-container\">\n\t\t\t\t\t<div class=\"elementor-spacer\">\n\t\t\t<div class=\"elementor-spacer-inner\"><\/div>\n\t\t<\/div>\n\t\t\t\t<\/div>\n\t\t\t\t<\/div>\n\t\t\t\t\t<\/div>\n\t\t\t\t<\/div>\n\t\t\t\t<\/div>\n\t\t","protected":false},"excerpt":{"rendered":"<p>Marina Masip \u201cAventurera y experta en el \u00e9xito inmobiliario\u201d En 2022, Marina, nuestra brillante coordinadora de vendedores, aterriz\u00f3 en el apasionante universo inmobiliario con una misi\u00f3n clara: hacer que el proceso de venta sea no s\u00f3lo sencillo, sino tambi\u00e9n un rotundo \u00e9xito para los propietarios.\u00a0 Con una licenciatura en Filolog\u00eda de Lengua Catalana e Inglesa, [&hellip;]<\/p>\n","protected":false},"author":1,"featured_media":0,"parent":0,"menu_order":0,"comment_status":"closed","ping_status":"closed","template":"elementor_header_footer","meta":{"om_disable_all_campaigns":false,"_joinchat":[],"footnotes":""},"class_list":["post-10426","page","type-page","status-publish","hentry"],"yoast_head":"<!-- This site is optimized with the Yoast SEO plugin v25.6 - https:\/\/yoast.com\/wordpress\/plugins\/seo\/ -->\n<title>Nosotros<\/title>\n<meta name=\"robots\" content=\"index, follow, max-snippet:-1, max-image-preview:large, max-video-preview:-1\" \/>\n<link rel=\"canonical\" href=\"https:\/\/immob.casa\/es\/marinamasip\/\" \/>\n<meta property=\"og:locale\" content=\"es_ES\" \/>\n<meta property=\"og:type\" content=\"article\" \/>\n<meta property=\"og:title\" content=\"Nosotros\" \/>\n<meta property=\"og:description\" content=\"Marina Masip \u201cAventurera y experta en el \u00e9xito inmobiliario\u201d En 2022, Marina, nuestra brillante coordinadora de vendedores, aterriz\u00f3 en el apasionante universo inmobiliario con una misi\u00f3n clara: hacer que el proceso de venta sea no s\u00f3lo sencillo, sino tambi\u00e9n un rotundo \u00e9xito para los propietarios.\u00a0 Con una licenciatura en Filolog\u00eda de Lengua Catalana e Inglesa, [&hellip;]\" \/>\n<meta property=\"og:url\" content=\"https:\/\/immob.casa\/es\/marinamasip\/\" \/>\n<meta property=\"og:site_name\" content=\"IMMOB Assessors Immobiliaris\" \/>\n<meta property=\"article:modified_time\" content=\"2024-12-10T14:10:36+00:00\" \/>\n<meta property=\"og:image\" content=\"http:\/\/immob.casa\/wp-content\/uploads\/2024\/12\/marina.jpg\" \/>\n<meta name=\"twitter:card\" content=\"summary_large_image\" \/>\n<meta name=\"twitter:label1\" content=\"Tiempo de lectura\" \/>\n\t<meta name=\"twitter:data1\" content=\"2 minutos\" \/>\n<script type=\"application\/ld+json\" class=\"yoast-schema-graph\">{\"@context\":\"https:\/\/schema.org\",\"@graph\":[{\"@type\":\"WebPage\",\"@id\":\"https:\/\/immob.casa\/es\/marinamasip\/\",\"url\":\"https:\/\/immob.casa\/es\/marinamasip\/\",\"name\":\"Nosotros\",\"isPartOf\":{\"@id\":\"http:\/\/immob.casa\/es\/#website\"},\"primaryImageOfPage\":{\"@id\":\"https:\/\/immob.casa\/es\/marinamasip\/#primaryimage\"},\"image\":{\"@id\":\"https:\/\/immob.casa\/es\/marinamasip\/#primaryimage\"},\"thumbnailUrl\":\"http:\/\/immob.casa\/wp-content\/uploads\/2024\/12\/marina.jpg\",\"datePublished\":\"2024-10-12T14:16:35+00:00\",\"dateModified\":\"2024-12-10T14:10:36+00:00\",\"breadcrumb\":{\"@id\":\"https:\/\/immob.casa\/es\/marinamasip\/#breadcrumb\"},\"inLanguage\":\"es\",\"potentialAction\":[{\"@type\":\"ReadAction\",\"target\":[\"https:\/\/immob.casa\/es\/marinamasip\/\"]}]},{\"@type\":\"ImageObject\",\"inLanguage\":\"es\",\"@id\":\"https:\/\/immob.casa\/es\/marinamasip\/#primaryimage\",\"url\":\"http:\/\/immob.casa\/wp-content\/uploads\/2024\/12\/marina.jpg\",\"contentUrl\":\"http:\/\/immob.casa\/wp-content\/uploads\/2024\/12\/marina.jpg\"},{\"@type\":\"BreadcrumbList\",\"@id\":\"https:\/\/immob.casa\/es\/marinamasip\/#breadcrumb\",\"itemListElement\":[{\"@type\":\"ListItem\",\"position\":1,\"name\":\"Home\",\"item\":\"http:\/\/immob.casa\/es\/\"},{\"@type\":\"ListItem\",\"position\":2,\"name\":\"marinamasip\"}]},{\"@type\":\"WebSite\",\"@id\":\"http:\/\/immob.casa\/es\/#website\",\"url\":\"http:\/\/immob.casa\/es\/\",\"name\":\"Consejeros del hogar\",\"description\":\"IMMOB Assessors Immobiliaris\",\"potentialAction\":[{\"@type\":\"SearchAction\",\"target\":{\"@type\":\"EntryPoint\",\"urlTemplate\":\"http:\/\/immob.casa\/es\/?s={search_term_string}\"},\"query-input\":{\"@type\":\"PropertyValueSpecification\",\"valueRequired\":true,\"valueName\":\"search_term_string\"}}],\"inLanguage\":\"es\"}]}<\/script>\n<!-- \/ Yoast SEO plugin. -->","yoast_head_json":{"title":"Nosotros","robots":{"index":"index","follow":"follow","max-snippet":"max-snippet:-1","max-image-preview":"max-image-preview:large","max-video-preview":"max-video-preview:-1"},"canonical":"https:\/\/immob.casa\/es\/marinamasip\/","og_locale":"es_ES","og_type":"article","og_title":"Nosotros","og_description":"Marina Masip \u201cAventurera y experta en el \u00e9xito inmobiliario\u201d En 2022, Marina, nuestra brillante coordinadora de vendedores, aterriz\u00f3 en el apasionante universo inmobiliario con una misi\u00f3n clara: hacer que el proceso de venta sea no s\u00f3lo sencillo, sino tambi\u00e9n un rotundo \u00e9xito para los propietarios.\u00a0 Con una licenciatura en Filolog\u00eda de Lengua Catalana e Inglesa, [&hellip;]","og_url":"https:\/\/immob.casa\/es\/marinamasip\/","og_site_name":"IMMOB Assessors Immobiliaris","article_modified_time":"2024-12-10T14:10:36+00:00","og_image":[{"url":"http:\/\/immob.casa\/wp-content\/uploads\/2024\/12\/marina.jpg","type":"","width":"","height":""}],"twitter_card":"summary_large_image","twitter_misc":{"Tiempo de lectura":"2 minutos"},"schema":{"@context":"https:\/\/schema.org","@graph":[{"@type":"WebPage","@id":"https:\/\/immob.casa\/es\/marinamasip\/","url":"https:\/\/immob.casa\/es\/marinamasip\/","name":"Nosotros","isPartOf":{"@id":"http:\/\/immob.casa\/es\/#website"},"primaryImageOfPage":{"@id":"https:\/\/immob.casa\/es\/marinamasip\/#primaryimage"},"image":{"@id":"https:\/\/immob.casa\/es\/marinamasip\/#primaryimage"},"thumbnailUrl":"http:\/\/immob.casa\/wp-content\/uploads\/2024\/12\/marina.jpg","datePublished":"2024-10-12T14:16:35+00:00","dateModified":"2024-12-10T14:10:36+00:00","breadcrumb":{"@id":"https:\/\/immob.casa\/es\/marinamasip\/#breadcrumb"},"inLanguage":"es","potentialAction":[{"@type":"ReadAction","target":["https:\/\/immob.casa\/es\/marinamasip\/"]}]},{"@type":"ImageObject","inLanguage":"es","@id":"https:\/\/immob.casa\/es\/marinamasip\/#primaryimage","url":"http:\/\/immob.casa\/wp-content\/uploads\/2024\/12\/marina.jpg","contentUrl":"http:\/\/immob.casa\/wp-content\/uploads\/2024\/12\/marina.jpg"},{"@type":"BreadcrumbList","@id":"https:\/\/immob.casa\/es\/marinamasip\/#breadcrumb","itemListElement":[{"@type":"ListItem","position":1,"name":"Home","item":"http:\/\/immob.casa\/es\/"},{"@type":"ListItem","position":2,"name":"marinamasip"}]},{"@type":"WebSite","@id":"http:\/\/immob.casa\/es\/#website","url":"http:\/\/immob.casa\/es\/","name":"Consejeros del hogar","description":"IMMOB Assessors Immobiliaris","potentialAction":[{"@type":"SearchAction","target":{"@type":"EntryPoint","urlTemplate":"http:\/\/immob.casa\/es\/?s={search_term_string}"},"query-input":{"@type":"PropertyValueSpecification","valueRequired":true,"valueName":"search_term_string"}}],"inLanguage":"es"}]}},"_links":{"self":[{"href":"https:\/\/immob.casa\/es\/wp-json\/wp\/v2\/pages\/10426"}],"collection":[{"href":"https:\/\/immob.casa\/es\/wp-json\/wp\/v2\/pages"}],"about":[{"href":"https:\/\/immob.casa\/es\/wp-json\/wp\/v2\/types\/page"}],"author":[{"embeddable":true,"href":"https:\/\/immob.casa\/es\/wp-json\/wp\/v2\/users\/1"}],"replies":[{"embeddable":true,"href":"https:\/\/immob.casa\/es\/wp-json\/wp\/v2\/comments?post=10426"}],"version-history":[{"count":24,"href":"https:\/\/immob.casa\/es\/wp-json\/wp\/v2\/pages\/10426\/revisions"}],"predecessor-version":[{"id":11184,"href":"https:\/\/immob.casa\/es\/wp-json\/wp\/v2\/pages\/10426\/revisions\/11184"}],"wp:attachment":[{"href":"https:\/\/immob.casa\/es\/wp-json\/wp\/v2\/media?parent=10426"}],"curies":[{"name":"wp","href":"https:\/\/api.w.org\/{rel}","templated":true}]}}