{"id":10279,"date":"2024-10-10T14:38:00","date_gmt":"2024-10-10T14:38:00","guid":{"rendered":"https:\/\/myblog-m9a0qnx7yo.live-website.com\/?page_id=10279"},"modified":"2024-12-10T13:55:54","modified_gmt":"2024-12-10T13:55:54","slug":"quiero-vender-una-propiedad","status":"publish","type":"page","link":"https:\/\/immob.casa\/es\/quiero-vender-una-propiedad\/","title":{"rendered":"quiero vender una propiedad"},"content":{"rendered":"\t\t<div data-elementor-type=\"wp-page\" data-elementor-id=\"10279\" class=\"elementor elementor-10279\">\n\t\t\t\t<div class=\"elementor-element elementor-element-f18a3e5 e-flex e-con-boxed e-con e-parent\" data-id=\"f18a3e5\" data-element_type=\"container\">\n\t\t\t\t\t<div class=\"e-con-inner\">\n\t\t<div class=\"elementor-element elementor-element-d9d9fd1 e-con-full e-flex e-con e-child\" data-id=\"d9d9fd1\" data-element_type=\"container\">\n\t\t\t\t<div class=\"elementor-element elementor-element-ec8c9cc elementor-widget elementor-widget-image\" data-id=\"ec8c9cc\" data-element_type=\"widget\" data-widget_type=\"image.default\">\n\t\t\t\t<div class=\"elementor-widget-container\">\n\t\t\t\t\t\t\t\t\t\t\t\t\t<img fetchpriority=\"high\" decoding=\"async\" width=\"900\" height=\"600\" src=\"https:\/\/immob.casa\/wp-content\/uploads\/2024\/10\/quiero-vender-una-propiedad-1-1024x683.jpg\" class=\"attachment-large size-large wp-image-10609\" alt=\"\" srcset=\"https:\/\/immob.casa\/wp-content\/uploads\/2024\/10\/quiero-vender-una-propiedad-1-1024x683.jpg 1024w, https:\/\/immob.casa\/wp-content\/uploads\/2024\/10\/quiero-vender-una-propiedad-1-300x200.jpg 300w, https:\/\/immob.casa\/wp-content\/uploads\/2024\/10\/quiero-vender-una-propiedad-1-768x512.jpg 768w, https:\/\/immob.casa\/wp-content\/uploads\/2024\/10\/quiero-vender-una-propiedad-1-1536x1024.jpg 1536w, https:\/\/immob.casa\/wp-content\/uploads\/2024\/10\/quiero-vender-una-propiedad-1-720x480.jpg 720w, https:\/\/immob.casa\/wp-content\/uploads\/2024\/10\/quiero-vender-una-propiedad-1.jpg 1920w\" sizes=\"(max-width: 900px) 100vw, 900px\" \/>\t\t\t\t\t\t\t\t\t\t\t\t\t<\/div>\n\t\t\t\t<\/div>\n\t\t\t\t<div class=\"elementor-element elementor-element-e0b8fc1 elementor-widget elementor-widget-mo-button\" data-id=\"e0b8fc1\" data-element_type=\"widget\" data-widget_type=\"mo-button.default\">\n\t\t\t\t<div class=\"elementor-widget-container\">\n\t\t\t<div class=\"mo-element-mo-button mo-element\"><div class=\"text-center\">\n\t<a class=\"button btn-solid medium button_none btn_icon_position_left text_center linear btn-txt- bg_custom bg_hr_custom light hr_light outline_dark outline_hr_primary rounded\"  href=\"\/es\/vender-como-un-profesional\"  data-mo=\"parallax\" style=\"border-width:0px; border-radius:5px\">\n\t\t<span class=\"mo_module_button__container\">\n\t\t\t<span class=\"mo_module_button__cover front\"><span class=\"mo_btn_text front\">Vender como un profesional<\/span><\/span>\n\t\t\t\t\t\t\t\t<\/span>\n\t<\/a>\n<\/div><\/div>\t\t<\/div>\n\t\t\t\t<\/div>\n\t\t\t\t<\/div>\n\t\t<div class=\"elementor-element elementor-element-dc970fe e-con-full e-flex e-con e-child\" data-id=\"dc970fe\" data-element_type=\"container\">\n\t\t\t\t<div class=\"elementor-element elementor-element-df48fb6 elementor-widget elementor-widget-text-editor\" data-id=\"df48fb6\" data-element_type=\"widget\" data-widget_type=\"text-editor.default\">\n\t\t\t\t<div class=\"elementor-widget-container\">\n\t\t\t\t\t\t\t<h3><b>Quiero vender una propiedad<\/b><\/h3>\n<ul>\n<li><strong>Acompa\u00f1amiento personalizado<\/strong><span style=\"font-weight: 400;\"><br \/><\/span><span style=\"font-weight: 400;\">Te ofrecemos un acompa\u00f1amiento integral durante todo el proceso de venta, poniendo siempre tus intereses y necesidades como prioridad.<\/span><\/li>\n<li><strong>Profesionalismo garantizado<\/strong><span style=\"font-weight: 400;\"><br \/><\/span><span style=\"font-weight: 400;\">Tendr\u00e1s seguridad con la presencia de un profesional que se encarga de velar por tus intereses.<\/span><\/li>\n<li><strong>Control y tranquilidad<\/strong><span style=\"font-weight: 400;\"><br \/><\/span><span style=\"font-weight: 400;\">Experimenta una sensaci\u00f3n de tranquilidad con la certeza de que todo est\u00e1 bajo control, eliminando sorpresas e imprevistos durante el proceso.<\/span><\/li>\n<li><strong>Informaci\u00f3n detallada y asesoramiento<\/strong><span style=\"font-weight: 400;\"><br \/><\/span><span style=\"font-weight: 400;\">Recibir\u00e1s toda la informaci\u00f3n necesaria y un asesoramiento detallado que te permitir\u00e1 tomar las mejores decisiones en cada fase de la venta.<\/span><\/li>\n<li><strong>Transparencia y control<\/strong><span style=\"font-weight: 400;\"><br \/><\/span><span style=\"font-weight: 400;\">Mant\u00e9n el control total de la situaci\u00f3n, con informaci\u00f3n actualizada en tiempo real.<\/span><\/li>\n<li><strong>Experiencia agradable<\/strong><span style=\"font-weight: 400;\"><br \/><\/span><span style=\"font-weight: 400;\">Transforma el proceso de venta en una experiencia agradable, con un apoyo dedicado que hace que todo el proceso sea fluido y positivo.<\/span><\/li>\n<\/ul>\t\t\t\t\t\t<\/div>\n\t\t\t\t<\/div>\n\t\t\t\t<div class=\"elementor-element elementor-element-9e5bec7 elementor-widget elementor-widget-mo-button\" data-id=\"9e5bec7\" data-element_type=\"widget\" data-widget_type=\"mo-button.default\">\n\t\t\t\t<div class=\"elementor-widget-container\">\n\t\t\t<div class=\"mo-element-mo-button mo-element\"><div class=\"text-center\">\n\t<a class=\"button btn-solid medium button_none btn_icon_position_left text_center linear btn-txt- bg_dark bg_hr_primary light hr_light outline_dark outline_hr_primary rounded\"  href=\"\/es\/asesoramiento-inmobiliario\/\"  data-mo=\"parallax\" style=\"border-width:0px; border-radius:5px\">\n\t\t<span class=\"mo_module_button__container\">\n\t\t\t<span class=\"mo_module_button__cover front\"><span class=\"mo_btn_text front\">Te ayudamos<\/span><\/span>\n\t\t\t\t\t\t\t\t<\/span>\n\t<\/a>\n<\/div><\/div>\t\t<\/div>\n\t\t\t\t<\/div>\n\t\t\t\t<\/div>\n\t\t\t\t\t<\/div>\n\t\t\t\t<\/div>\n\t\t\t\t<\/div>\n\t\t","protected":false},"excerpt":{"rendered":"<p>Vender como un profesional Quiero vender una propiedad Acompa\u00f1amiento personalizadoTe ofrecemos un acompa\u00f1amiento integral durante todo el proceso de venta, poniendo siempre tus intereses y necesidades como prioridad. Profesionalismo garantizadoTendr\u00e1s seguridad con la presencia de un profesional que se encarga de velar por tus intereses. Control y tranquilidadExperimenta una sensaci\u00f3n de tranquilidad con la certeza [&hellip;]<\/p>\n","protected":false},"author":1,"featured_media":0,"parent":0,"menu_order":0,"comment_status":"closed","ping_status":"closed","template":"","meta":{"om_disable_all_campaigns":false,"_joinchat":[],"footnotes":""},"class_list":["post-10279","page","type-page","status-publish","hentry"],"yoast_head":"<!-- This site is optimized with the Yoast SEO plugin v25.6 - https:\/\/yoast.com\/wordpress\/plugins\/seo\/ -->\n<title>Nosotros<\/title>\n<meta name=\"robots\" content=\"index, follow, max-snippet:-1, max-image-preview:large, max-video-preview:-1\" \/>\n<link rel=\"canonical\" href=\"https:\/\/immob.casa\/es\/quiero-vender-una-propiedad\/\" \/>\n<meta property=\"og:locale\" content=\"es_ES\" \/>\n<meta property=\"og:type\" content=\"article\" \/>\n<meta property=\"og:title\" content=\"Nosotros\" \/>\n<meta property=\"og:description\" content=\"Vender como un profesional Quiero vender una propiedad Acompa\u00f1amiento personalizadoTe ofrecemos un acompa\u00f1amiento integral durante todo el proceso de venta, poniendo siempre tus intereses y necesidades como prioridad. Profesionalismo garantizadoTendr\u00e1s seguridad con la presencia de un profesional que se encarga de velar por tus intereses. Control y tranquilidadExperimenta una sensaci\u00f3n de tranquilidad con la certeza [&hellip;]\" \/>\n<meta property=\"og:url\" content=\"https:\/\/immob.casa\/es\/quiero-vender-una-propiedad\/\" \/>\n<meta property=\"og:site_name\" content=\"IMMOB Assessors Immobiliaris\" \/>\n<meta property=\"article:modified_time\" content=\"2024-12-10T13:55:54+00:00\" \/>\n<meta property=\"og:image\" content=\"http:\/\/immob.casa\/wp-content\/uploads\/2024\/10\/quiero-vender-una-propiedad-1-1024x683.jpg\" \/>\n<meta name=\"twitter:card\" content=\"summary_large_image\" \/>\n<meta name=\"twitter:label1\" content=\"Tiempo de lectura\" \/>\n\t<meta name=\"twitter:data1\" content=\"1 minuto\" \/>\n<script type=\"application\/ld+json\" class=\"yoast-schema-graph\">{\"@context\":\"https:\/\/schema.org\",\"@graph\":[{\"@type\":\"WebPage\",\"@id\":\"https:\/\/immob.casa\/es\/quiero-vender-una-propiedad\/\",\"url\":\"https:\/\/immob.casa\/es\/quiero-vender-una-propiedad\/\",\"name\":\"Nosotros\",\"isPartOf\":{\"@id\":\"https:\/\/immob.casa\/es\/#website\"},\"primaryImageOfPage\":{\"@id\":\"https:\/\/immob.casa\/es\/quiero-vender-una-propiedad\/#primaryimage\"},\"image\":{\"@id\":\"https:\/\/immob.casa\/es\/quiero-vender-una-propiedad\/#primaryimage\"},\"thumbnailUrl\":\"http:\/\/immob.casa\/wp-content\/uploads\/2024\/10\/quiero-vender-una-propiedad-1-1024x683.jpg\",\"datePublished\":\"2024-10-10T14:38:00+00:00\",\"dateModified\":\"2024-12-10T13:55:54+00:00\",\"breadcrumb\":{\"@id\":\"https:\/\/immob.casa\/es\/quiero-vender-una-propiedad\/#breadcrumb\"},\"inLanguage\":\"es\",\"potentialAction\":[{\"@type\":\"ReadAction\",\"target\":[\"https:\/\/immob.casa\/es\/quiero-vender-una-propiedad\/\"]}]},{\"@type\":\"ImageObject\",\"inLanguage\":\"es\",\"@id\":\"https:\/\/immob.casa\/es\/quiero-vender-una-propiedad\/#primaryimage\",\"url\":\"http:\/\/immob.casa\/wp-content\/uploads\/2024\/10\/quiero-vender-una-propiedad-1-1024x683.jpg\",\"contentUrl\":\"http:\/\/immob.casa\/wp-content\/uploads\/2024\/10\/quiero-vender-una-propiedad-1-1024x683.jpg\"},{\"@type\":\"BreadcrumbList\",\"@id\":\"https:\/\/immob.casa\/es\/quiero-vender-una-propiedad\/#breadcrumb\",\"itemListElement\":[{\"@type\":\"ListItem\",\"position\":1,\"name\":\"Home\",\"item\":\"https:\/\/immob.casa\/es\/\"},{\"@type\":\"ListItem\",\"position\":2,\"name\":\"quiero vender una propiedad\"}]},{\"@type\":\"WebSite\",\"@id\":\"https:\/\/immob.casa\/es\/#website\",\"url\":\"https:\/\/immob.casa\/es\/\",\"name\":\"Consejeros del hogar\",\"description\":\"IMMOB Assessors Immobiliaris\",\"potentialAction\":[{\"@type\":\"SearchAction\",\"target\":{\"@type\":\"EntryPoint\",\"urlTemplate\":\"https:\/\/immob.casa\/es\/?s={search_term_string}\"},\"query-input\":{\"@type\":\"PropertyValueSpecification\",\"valueRequired\":true,\"valueName\":\"search_term_string\"}}],\"inLanguage\":\"es\"}]}<\/script>\n<!-- \/ Yoast SEO plugin. -->","yoast_head_json":{"title":"Nosotros","robots":{"index":"index","follow":"follow","max-snippet":"max-snippet:-1","max-image-preview":"max-image-preview:large","max-video-preview":"max-video-preview:-1"},"canonical":"https:\/\/immob.casa\/es\/quiero-vender-una-propiedad\/","og_locale":"es_ES","og_type":"article","og_title":"Nosotros","og_description":"Vender como un profesional Quiero vender una propiedad Acompa\u00f1amiento personalizadoTe ofrecemos un acompa\u00f1amiento integral durante todo el proceso de venta, poniendo siempre tus intereses y necesidades como prioridad. Profesionalismo garantizadoTendr\u00e1s seguridad con la presencia de un profesional que se encarga de velar por tus intereses. Control y tranquilidadExperimenta una sensaci\u00f3n de tranquilidad con la certeza [&hellip;]","og_url":"https:\/\/immob.casa\/es\/quiero-vender-una-propiedad\/","og_site_name":"IMMOB Assessors Immobiliaris","article_modified_time":"2024-12-10T13:55:54+00:00","og_image":[{"url":"http:\/\/immob.casa\/wp-content\/uploads\/2024\/10\/quiero-vender-una-propiedad-1-1024x683.jpg","type":"","width":"","height":""}],"twitter_card":"summary_large_image","twitter_misc":{"Tiempo de lectura":"1 minuto"},"schema":{"@context":"https:\/\/schema.org","@graph":[{"@type":"WebPage","@id":"https:\/\/immob.casa\/es\/quiero-vender-una-propiedad\/","url":"https:\/\/immob.casa\/es\/quiero-vender-una-propiedad\/","name":"Nosotros","isPartOf":{"@id":"https:\/\/immob.casa\/es\/#website"},"primaryImageOfPage":{"@id":"https:\/\/immob.casa\/es\/quiero-vender-una-propiedad\/#primaryimage"},"image":{"@id":"https:\/\/immob.casa\/es\/quiero-vender-una-propiedad\/#primaryimage"},"thumbnailUrl":"http:\/\/immob.casa\/wp-content\/uploads\/2024\/10\/quiero-vender-una-propiedad-1-1024x683.jpg","datePublished":"2024-10-10T14:38:00+00:00","dateModified":"2024-12-10T13:55:54+00:00","breadcrumb":{"@id":"https:\/\/immob.casa\/es\/quiero-vender-una-propiedad\/#breadcrumb"},"inLanguage":"es","potentialAction":[{"@type":"ReadAction","target":["https:\/\/immob.casa\/es\/quiero-vender-una-propiedad\/"]}]},{"@type":"ImageObject","inLanguage":"es","@id":"https:\/\/immob.casa\/es\/quiero-vender-una-propiedad\/#primaryimage","url":"http:\/\/immob.casa\/wp-content\/uploads\/2024\/10\/quiero-vender-una-propiedad-1-1024x683.jpg","contentUrl":"http:\/\/immob.casa\/wp-content\/uploads\/2024\/10\/quiero-vender-una-propiedad-1-1024x683.jpg"},{"@type":"BreadcrumbList","@id":"https:\/\/immob.casa\/es\/quiero-vender-una-propiedad\/#breadcrumb","itemListElement":[{"@type":"ListItem","position":1,"name":"Home","item":"https:\/\/immob.casa\/es\/"},{"@type":"ListItem","position":2,"name":"quiero vender una propiedad"}]},{"@type":"WebSite","@id":"https:\/\/immob.casa\/es\/#website","url":"https:\/\/immob.casa\/es\/","name":"Consejeros del hogar","description":"IMMOB Assessors Immobiliaris","potentialAction":[{"@type":"SearchAction","target":{"@type":"EntryPoint","urlTemplate":"https:\/\/immob.casa\/es\/?s={search_term_string}"},"query-input":{"@type":"PropertyValueSpecification","valueRequired":true,"valueName":"search_term_string"}}],"inLanguage":"es"}]}},"_links":{"self":[{"href":"https:\/\/immob.casa\/es\/wp-json\/wp\/v2\/pages\/10279"}],"collection":[{"href":"https:\/\/immob.casa\/es\/wp-json\/wp\/v2\/pages"}],"about":[{"href":"https:\/\/immob.casa\/es\/wp-json\/wp\/v2\/types\/page"}],"author":[{"embeddable":true,"href":"https:\/\/immob.casa\/es\/wp-json\/wp\/v2\/users\/1"}],"replies":[{"embeddable":true,"href":"https:\/\/immob.casa\/es\/wp-json\/wp\/v2\/comments?post=10279"}],"version-history":[{"count":40,"href":"https:\/\/immob.casa\/es\/wp-json\/wp\/v2\/pages\/10279\/revisions"}],"predecessor-version":[{"id":11143,"href":"https:\/\/immob.casa\/es\/wp-json\/wp\/v2\/pages\/10279\/revisions\/11143"}],"wp:attachment":[{"href":"https:\/\/immob.casa\/es\/wp-json\/wp\/v2\/media?parent=10279"}],"curies":[{"name":"wp","href":"https:\/\/api.w.org\/{rel}","templated":true}]}}