{"id":10218,"date":"2024-10-10T10:50:39","date_gmt":"2024-10-10T10:50:39","guid":{"rendered":"https:\/\/myblog-m9a0qnx7yo.live-website.com\/?page_id=10218"},"modified":"2024-12-10T14:08:09","modified_gmt":"2024-12-10T14:08:09","slug":"david-gamisans","status":"publish","type":"page","link":"https:\/\/immob.casa\/es\/david-gamisans\/","title":{"rendered":"davidgamisans"},"content":{"rendered":"\t\t<div data-elementor-type=\"wp-page\" data-elementor-id=\"10218\" class=\"elementor elementor-10218\">\n\t\t\t\t<div class=\"elementor-element elementor-element-ec1b44c e-flex e-con-boxed e-con e-parent\" data-id=\"ec1b44c\" data-element_type=\"container\">\n\t\t\t\t\t<div class=\"e-con-inner\">\n\t\t\t\t<div class=\"elementor-element elementor-element-16df72b elementor-widget elementor-widget-spacer\" data-id=\"16df72b\" data-element_type=\"widget\" data-widget_type=\"spacer.default\">\n\t\t\t\t<div class=\"elementor-widget-container\">\n\t\t\t\t\t<div class=\"elementor-spacer\">\n\t\t\t<div class=\"elementor-spacer-inner\"><\/div>\n\t\t<\/div>\n\t\t\t\t<\/div>\n\t\t\t\t<\/div>\n\t\t\t\t\t<\/div>\n\t\t\t\t<\/div>\n\t\t<div class=\"elementor-element elementor-element-90b824c e-grid e-con-full elementor-hidden-tablet elementor-hidden-mobile e-con e-parent\" data-id=\"90b824c\" data-element_type=\"container\" data-settings=\"{&quot;background_background&quot;:&quot;classic&quot;}\">\n\t\t\t\t<div class=\"elementor-element elementor-element-53dde88 elementor-widget__width-inherit elementor-widget elementor-widget-text-editor\" data-id=\"53dde88\" data-element_type=\"widget\" data-widget_type=\"text-editor.default\">\n\t\t\t\t<div class=\"elementor-widget-container\">\n\t\t\t\t\t\t\t<h2><span style=\"color: #ffffff;\"><b>David Gamisans<\/b><\/span><\/h2><h6><span style=\"color: #ffffff;\"><b>\u201cUn visionario que mira m\u00e1s all\u00e1 de las propiedades\u201d<\/b><\/span><\/h6><p><span style=\"font-weight: 400; color: #ffffff;\">En el a\u00f1o 2001, David se aventura en el fascinante mundo inmobiliario con una misi\u00f3n clara: humanizar y transparentar el proceso de compra y venta de viviendas. Comprende que estas transacciones no son solo negocios, sino hitos significativos en la vida de las personas.<\/span><\/p><p><span style=\"font-weight: 400; color: #ffffff;\">Con una s\u00f3lida formaci\u00f3n, incluyendo un API colegiado, M\u00e0ster en Transformaci\u00f3n Inmobiliaria (MIT), certificaci\u00f3n CRS (Certified Residential Specialist) y una destacada habilidad empresarial, lidera el equipo de vendedores con una misi\u00f3n clara: ser mejor persona cada d\u00eda y ayudar a los dem\u00e1s.<\/span><\/p><p><span style=\"font-weight: 400; color: #ffffff;\">La clave para comprender a David radica en su sencillez y claridad de expresi\u00f3n, y su deseo es encontrar un lenguaje que conecte con todos los que traten con \u00e9l. Apasionado de las relaciones humanas, encuentra inspiraci\u00f3n en cada historia que escucha, aprendiendo valiosas lecciones en cada interacci\u00f3n. Su compromiso es inquebrantable: siempre da la cara y defiende con fervor los intereses de sus clientes, donde su palabra es ley.<\/span><\/p><p><span style=\"font-weight: 400; color: #ffffff;\">Fuera de la oficina, David revela su lado m\u00e1s humano. Es un hombre familiar, disfrutando de momentos de calidad con su esposa e hijos. Apasionado por los deportes y amante de las motos, encuentra en las rutas la libertad que su agenda a veces le concede. La lectura es su fiel compa\u00f1era diaria, y su misi\u00f3n personal es crecer cada d\u00eda como individuo y ofrecer una mano amiga a quienes lo rodean.<\/span><\/p><p><span style=\"font-weight: 400; color: #ffffff;\">En definitiva, David es m\u00e1s que un experto inmobiliario; es un confidente de confianza en quien puedes confiar tu camino hacia el hogar perfecto.<\/span><\/p>\t\t\t\t\t\t<\/div>\n\t\t\t\t<\/div>\n\t\t\t\t<\/div>\n\t\t<div class=\"elementor-element elementor-element-8b4a893 e-flex e-con-boxed e-con e-parent\" data-id=\"8b4a893\" data-element_type=\"container\">\n\t\t\t\t\t<div class=\"e-con-inner\">\n\t\t\t\t<div class=\"elementor-element elementor-element-572d5fb elementor-hidden-desktop elementor-widget elementor-widget-image\" data-id=\"572d5fb\" data-element_type=\"widget\" data-widget_type=\"image.default\">\n\t\t\t\t<div class=\"elementor-widget-container\">\n\t\t\t\t\t\t\t\t\t\t\t\t\t<img fetchpriority=\"high\" decoding=\"async\" width=\"648\" height=\"800\" src=\"https:\/\/immob.casa\/wp-content\/uploads\/2024\/12\/david.jpg\" class=\"attachment-large size-large wp-image-11164\" alt=\"\" srcset=\"https:\/\/immob.casa\/wp-content\/uploads\/2024\/12\/david.jpg 648w, https:\/\/immob.casa\/wp-content\/uploads\/2024\/12\/david-243x300.jpg 243w\" sizes=\"(max-width: 648px) 100vw, 648px\" \/>\t\t\t\t\t\t\t\t\t\t\t\t\t<\/div>\n\t\t\t\t<\/div>\n\t\t\t\t<div class=\"elementor-element elementor-element-ed3738b elementor-widget__width-inherit elementor-hidden-desktop elementor-widget elementor-widget-text-editor\" data-id=\"ed3738b\" data-element_type=\"widget\" data-widget_type=\"text-editor.default\">\n\t\t\t\t<div class=\"elementor-widget-container\">\n\t\t\t\t\t\t\t<h2><span ><b>David Gamisans<\/b><\/span><\/h2>\n<h6><span><b>\u201cUn visionario que mira m\u00e1s all\u00e1 de las propiedades\u201d<\/b><\/span><\/h6>\n<span style=\"font-weight: 400; ;\">En el a\u00f1o 2001, David se aventura en el fascinante mundo inmobiliario con una misi\u00f3n clara: humanizar y transparentar el proceso de compra y venta de viviendas. Comprende que estas transacciones no son solo negocios, sino hitos significativos en la vida de las personas.<\/span>\n\n<span style=\"font-weight: 400; \">Con una s\u00f3lida formaci\u00f3n, incluyendo un API colegiado, M\u00e0ster en Transformaci\u00f3n Inmobiliaria (MIT), certificaci\u00f3n CRS (Certified Residential Specialist) y una destacada habilidad empresarial, lidera el equipo de vendedores con una misi\u00f3n clara: ser mejor persona cada d\u00eda y ayudar a los dem\u00e1s.<\/span>\n\n<span style=\"font-weight: 400; \">La clave para comprender a David radica en su sencillez y claridad de expresi\u00f3n, y su deseo es encontrar un lenguaje que conecte con todos los que traten con \u00e9l. Apasionado de las relaciones humanas, encuentra inspiraci\u00f3n en cada historia que escucha, aprendiendo valiosas lecciones en cada interacci\u00f3n. Su compromiso es inquebrantable: siempre da la cara y defiende con fervor los intereses de sus clientes, donde su palabra es ley.<\/span>\n\n<span style=\"font-weight: 400; \">Fuera de la oficina, David revela su lado m\u00e1s humano. Es un hombre familiar, disfrutando de momentos de calidad con su esposa e hijos. Apasionado por los deportes y amante de las motos, encuentra en las rutas la libertad que su agenda a veces le concede. La lectura es su fiel compa\u00f1era diaria, y su misi\u00f3n personal es crecer cada d\u00eda como individuo y ofrecer una mano amiga a quienes lo rodean.<\/span>\n\n<span style=\"font-weight: 400; \">En definitiva, David es m\u00e1s que un experto inmobiliario; es un confidente de confianza en quien puedes confiar tu camino hacia el hogar perfecto.<\/span>\t\t\t\t\t\t<\/div>\n\t\t\t\t<\/div>\n\t\t\t\t\t<\/div>\n\t\t\t\t<\/div>\n\t\t<div class=\"elementor-element elementor-element-f1ad1cb e-flex e-con-boxed e-con e-parent\" data-id=\"f1ad1cb\" data-element_type=\"container\">\n\t\t\t\t\t<div class=\"e-con-inner\">\n\t\t\t\t<div class=\"elementor-element elementor-element-662b815 elementor-align-center elementor-widget elementor-widget-button\" data-id=\"662b815\" data-element_type=\"widget\" data-widget_type=\"button.default\">\n\t\t\t\t<div class=\"elementor-widget-container\">\n\t\t\t\t\t<div class=\"elementor-button-wrapper\">\n\t\t\t<a class=\"elementor-button elementor-button-link elementor-size-sm\" href=\"\/es\/equipo\">\n\t\t\t\t\t\t<span class=\"elementor-button-content-wrapper\">\n\t\t\t\t\t\t\t\t\t<span class=\"elementor-button-text\">Nuestro equipo<\/span>\n\t\t\t\t\t<\/span>\n\t\t\t\t\t<\/a>\n\t\t<\/div>\n\t\t\t\t<\/div>\n\t\t\t\t<\/div>\n\t\t\t\t\t<\/div>\n\t\t\t\t<\/div>\n\t\t<div class=\"elementor-element elementor-element-b590940 e-flex e-con-boxed e-con e-parent\" data-id=\"b590940\" data-element_type=\"container\">\n\t\t\t\t\t<div class=\"e-con-inner\">\n\t\t\t\t<div class=\"elementor-element elementor-element-5b7b749 elementor-widget elementor-widget-spacer\" data-id=\"5b7b749\" data-element_type=\"widget\" data-widget_type=\"spacer.default\">\n\t\t\t\t<div class=\"elementor-widget-container\">\n\t\t\t\t\t<div class=\"elementor-spacer\">\n\t\t\t<div class=\"elementor-spacer-inner\"><\/div>\n\t\t<\/div>\n\t\t\t\t<\/div>\n\t\t\t\t<\/div>\n\t\t\t\t\t<\/div>\n\t\t\t\t<\/div>\n\t\t\t\t<\/div>\n\t\t","protected":false},"excerpt":{"rendered":"<p>David Gamisans \u201cUn visionario que mira m\u00e1s all\u00e1 de las propiedades\u201d En el a\u00f1o 2001, David se aventura en el fascinante mundo inmobiliario con una misi\u00f3n clara: humanizar y transparentar el proceso de compra y venta de viviendas. Comprende que estas transacciones no son solo negocios, sino hitos significativos en la vida de las personas. [&hellip;]<\/p>\n","protected":false},"author":1,"featured_media":0,"parent":0,"menu_order":0,"comment_status":"closed","ping_status":"closed","template":"elementor_header_footer","meta":{"om_disable_all_campaigns":false,"_joinchat":[],"footnotes":""},"class_list":["post-10218","page","type-page","status-publish","hentry"],"yoast_head":"<!-- This site is optimized with the Yoast SEO plugin v25.6 - https:\/\/yoast.com\/wordpress\/plugins\/seo\/ -->\n<title>Nosotros<\/title>\n<meta name=\"robots\" content=\"index, follow, max-snippet:-1, max-image-preview:large, max-video-preview:-1\" \/>\n<link rel=\"canonical\" href=\"https:\/\/immob.casa\/es\/david-gamisans\/\" \/>\n<meta property=\"og:locale\" content=\"es_ES\" \/>\n<meta property=\"og:type\" content=\"article\" \/>\n<meta property=\"og:title\" content=\"Nosotros\" \/>\n<meta property=\"og:description\" content=\"David Gamisans \u201cUn visionario que mira m\u00e1s all\u00e1 de las propiedades\u201d En el a\u00f1o 2001, David se aventura en el fascinante mundo inmobiliario con una misi\u00f3n clara: humanizar y transparentar el proceso de compra y venta de viviendas. Comprende que estas transacciones no son solo negocios, sino hitos significativos en la vida de las personas. [&hellip;]\" \/>\n<meta property=\"og:url\" content=\"https:\/\/immob.casa\/es\/david-gamisans\/\" \/>\n<meta property=\"og:site_name\" content=\"IMMOB Assessors Immobiliaris\" \/>\n<meta property=\"article:modified_time\" content=\"2024-12-10T14:08:09+00:00\" \/>\n<meta property=\"og:image\" content=\"http:\/\/immob.casa\/wp-content\/uploads\/2024\/12\/david.jpg\" \/>\n<meta name=\"twitter:card\" content=\"summary_large_image\" \/>\n<meta name=\"twitter:label1\" content=\"Tiempo de lectura\" \/>\n\t<meta name=\"twitter:data1\" content=\"3 minutos\" \/>\n<script type=\"application\/ld+json\" class=\"yoast-schema-graph\">{\"@context\":\"https:\/\/schema.org\",\"@graph\":[{\"@type\":\"WebPage\",\"@id\":\"https:\/\/immob.casa\/es\/david-gamisans\/\",\"url\":\"https:\/\/immob.casa\/es\/david-gamisans\/\",\"name\":\"Nosotros\",\"isPartOf\":{\"@id\":\"http:\/\/immob.casa\/es\/#website\"},\"primaryImageOfPage\":{\"@id\":\"https:\/\/immob.casa\/es\/david-gamisans\/#primaryimage\"},\"image\":{\"@id\":\"https:\/\/immob.casa\/es\/david-gamisans\/#primaryimage\"},\"thumbnailUrl\":\"http:\/\/immob.casa\/wp-content\/uploads\/2024\/12\/david.jpg\",\"datePublished\":\"2024-10-10T10:50:39+00:00\",\"dateModified\":\"2024-12-10T14:08:09+00:00\",\"breadcrumb\":{\"@id\":\"https:\/\/immob.casa\/es\/david-gamisans\/#breadcrumb\"},\"inLanguage\":\"es\",\"potentialAction\":[{\"@type\":\"ReadAction\",\"target\":[\"https:\/\/immob.casa\/es\/david-gamisans\/\"]}]},{\"@type\":\"ImageObject\",\"inLanguage\":\"es\",\"@id\":\"https:\/\/immob.casa\/es\/david-gamisans\/#primaryimage\",\"url\":\"http:\/\/immob.casa\/wp-content\/uploads\/2024\/12\/david.jpg\",\"contentUrl\":\"http:\/\/immob.casa\/wp-content\/uploads\/2024\/12\/david.jpg\"},{\"@type\":\"BreadcrumbList\",\"@id\":\"https:\/\/immob.casa\/es\/david-gamisans\/#breadcrumb\",\"itemListElement\":[{\"@type\":\"ListItem\",\"position\":1,\"name\":\"Home\",\"item\":\"http:\/\/immob.casa\/es\/\"},{\"@type\":\"ListItem\",\"position\":2,\"name\":\"davidgamisans\"}]},{\"@type\":\"WebSite\",\"@id\":\"http:\/\/immob.casa\/es\/#website\",\"url\":\"http:\/\/immob.casa\/es\/\",\"name\":\"Consejeros del hogar\",\"description\":\"IMMOB Assessors Immobiliaris\",\"potentialAction\":[{\"@type\":\"SearchAction\",\"target\":{\"@type\":\"EntryPoint\",\"urlTemplate\":\"http:\/\/immob.casa\/es\/?s={search_term_string}\"},\"query-input\":{\"@type\":\"PropertyValueSpecification\",\"valueRequired\":true,\"valueName\":\"search_term_string\"}}],\"inLanguage\":\"es\"}]}<\/script>\n<!-- \/ Yoast SEO plugin. -->","yoast_head_json":{"title":"Nosotros","robots":{"index":"index","follow":"follow","max-snippet":"max-snippet:-1","max-image-preview":"max-image-preview:large","max-video-preview":"max-video-preview:-1"},"canonical":"https:\/\/immob.casa\/es\/david-gamisans\/","og_locale":"es_ES","og_type":"article","og_title":"Nosotros","og_description":"David Gamisans \u201cUn visionario que mira m\u00e1s all\u00e1 de las propiedades\u201d En el a\u00f1o 2001, David se aventura en el fascinante mundo inmobiliario con una misi\u00f3n clara: humanizar y transparentar el proceso de compra y venta de viviendas. Comprende que estas transacciones no son solo negocios, sino hitos significativos en la vida de las personas. [&hellip;]","og_url":"https:\/\/immob.casa\/es\/david-gamisans\/","og_site_name":"IMMOB Assessors Immobiliaris","article_modified_time":"2024-12-10T14:08:09+00:00","og_image":[{"url":"http:\/\/immob.casa\/wp-content\/uploads\/2024\/12\/david.jpg","type":"","width":"","height":""}],"twitter_card":"summary_large_image","twitter_misc":{"Tiempo de lectura":"3 minutos"},"schema":{"@context":"https:\/\/schema.org","@graph":[{"@type":"WebPage","@id":"https:\/\/immob.casa\/es\/david-gamisans\/","url":"https:\/\/immob.casa\/es\/david-gamisans\/","name":"Nosotros","isPartOf":{"@id":"http:\/\/immob.casa\/es\/#website"},"primaryImageOfPage":{"@id":"https:\/\/immob.casa\/es\/david-gamisans\/#primaryimage"},"image":{"@id":"https:\/\/immob.casa\/es\/david-gamisans\/#primaryimage"},"thumbnailUrl":"http:\/\/immob.casa\/wp-content\/uploads\/2024\/12\/david.jpg","datePublished":"2024-10-10T10:50:39+00:00","dateModified":"2024-12-10T14:08:09+00:00","breadcrumb":{"@id":"https:\/\/immob.casa\/es\/david-gamisans\/#breadcrumb"},"inLanguage":"es","potentialAction":[{"@type":"ReadAction","target":["https:\/\/immob.casa\/es\/david-gamisans\/"]}]},{"@type":"ImageObject","inLanguage":"es","@id":"https:\/\/immob.casa\/es\/david-gamisans\/#primaryimage","url":"http:\/\/immob.casa\/wp-content\/uploads\/2024\/12\/david.jpg","contentUrl":"http:\/\/immob.casa\/wp-content\/uploads\/2024\/12\/david.jpg"},{"@type":"BreadcrumbList","@id":"https:\/\/immob.casa\/es\/david-gamisans\/#breadcrumb","itemListElement":[{"@type":"ListItem","position":1,"name":"Home","item":"http:\/\/immob.casa\/es\/"},{"@type":"ListItem","position":2,"name":"davidgamisans"}]},{"@type":"WebSite","@id":"http:\/\/immob.casa\/es\/#website","url":"http:\/\/immob.casa\/es\/","name":"Consejeros del hogar","description":"IMMOB Assessors Immobiliaris","potentialAction":[{"@type":"SearchAction","target":{"@type":"EntryPoint","urlTemplate":"http:\/\/immob.casa\/es\/?s={search_term_string}"},"query-input":{"@type":"PropertyValueSpecification","valueRequired":true,"valueName":"search_term_string"}}],"inLanguage":"es"}]}},"_links":{"self":[{"href":"https:\/\/immob.casa\/es\/wp-json\/wp\/v2\/pages\/10218"}],"collection":[{"href":"https:\/\/immob.casa\/es\/wp-json\/wp\/v2\/pages"}],"about":[{"href":"https:\/\/immob.casa\/es\/wp-json\/wp\/v2\/types\/page"}],"author":[{"embeddable":true,"href":"https:\/\/immob.casa\/es\/wp-json\/wp\/v2\/users\/1"}],"replies":[{"embeddable":true,"href":"https:\/\/immob.casa\/es\/wp-json\/wp\/v2\/comments?post=10218"}],"version-history":[{"count":45,"href":"https:\/\/immob.casa\/es\/wp-json\/wp\/v2\/pages\/10218\/revisions"}],"predecessor-version":[{"id":11168,"href":"https:\/\/immob.casa\/es\/wp-json\/wp\/v2\/pages\/10218\/revisions\/11168"}],"wp:attachment":[{"href":"https:\/\/immob.casa\/es\/wp-json\/wp\/v2\/media?parent=10218"}],"curies":[{"name":"wp","href":"https:\/\/api.w.org\/{rel}","templated":true}]}}