{"id":10423,"date":"2024-10-12T14:16:13","date_gmt":"2024-10-12T14:16:13","guid":{"rendered":"https:\/\/myblog-m9a0qnx7yo.live-website.com\/?page_id=10423"},"modified":"2024-12-10T14:09:24","modified_gmt":"2024-12-10T14:09:24","slug":"juliaselva","status":"publish","type":"page","link":"http:\/\/immob.casa\/es\/juliaselva\/","title":{"rendered":"juliaselva"},"content":{"rendered":"\t\t<div data-elementor-type=\"wp-page\" data-elementor-id=\"10423\" class=\"elementor elementor-10423\">\n\t\t\t\t<div class=\"elementor-element elementor-element-ec1b44c e-flex e-con-boxed e-con e-parent\" data-id=\"ec1b44c\" data-element_type=\"container\" data-settings=\"{&quot;background_background&quot;:&quot;classic&quot;}\">\n\t\t\t\t\t<div class=\"e-con-inner\">\n\t\t\t\t<div class=\"elementor-element elementor-element-16df72b elementor-widget elementor-widget-spacer\" data-id=\"16df72b\" data-element_type=\"widget\" data-widget_type=\"spacer.default\">\n\t\t\t\t<div class=\"elementor-widget-container\">\n\t\t\t\t\t<div class=\"elementor-spacer\">\n\t\t\t<div class=\"elementor-spacer-inner\"><\/div>\n\t\t<\/div>\n\t\t\t\t<\/div>\n\t\t\t\t<\/div>\n\t\t\t\t\t<\/div>\n\t\t\t\t<\/div>\n\t\t<div class=\"elementor-element elementor-element-90b824c e-grid e-con-full elementor-hidden-tablet elementor-hidden-mobile e-con e-parent\" data-id=\"90b824c\" data-element_type=\"container\" data-settings=\"{&quot;background_background&quot;:&quot;classic&quot;}\">\n\t\t\t\t<div class=\"elementor-element elementor-element-53dde88 elementor-widget__width-inherit elementor-widget elementor-widget-text-editor\" data-id=\"53dde88\" data-element_type=\"widget\" data-widget_type=\"text-editor.default\">\n\t\t\t\t<div class=\"elementor-widget-container\">\n\t\t\t\t\t\t\t<h2><span style=\"color: #ffffff;\"><b>J\u00falia Selva<\/b><\/span><\/h2><h6><span style=\"color: #ffffff;\"><b>\u201cTu compa\u00f1era en la b\u00fasqueda del hogar ideal\u201d<\/b><\/span><\/h6><p><span style=\"font-weight: 400; color: #ffffff;\">J\u00falia, empez\u00f3 el a\u00f1o 2017 en el sector inmobiliario buscando un cambio profesional tras su grado y trabajo en dise\u00f1o gr\u00e1fico y descubri\u00f3 su pasi\u00f3n por ayudar a las personas. Desde siempre, J\u00falia ha tenido un ojo afinado para lograr la armon\u00eda de los espacios, la decoraci\u00f3n y la creaci\u00f3n de ambientes acogedores.\u00a0<\/span><\/p><p><span style=\"font-weight: 400; color: #ffffff;\">Su pasi\u00f3n radica en descubrir el confort y la vivienda perfecta que se adapte a las necesidades \u00fanicas de cada familia. Con una mentalidad de aprendizaje continuo, participa activamente en todas las formaciones del sector inmobiliario, asegur\u00e1ndose de estar al tanto de las \u00faltimas tendencias y novedades.\u00a0<\/span><\/p><p><span style=\"font-weight: 400; color: #ffffff;\">Cuando no est\u00e1 inmersa en el mundo inmobiliario, encontrar\u00e1s a J\u00falia disfrutando de su tiempo libre con su familia, paseando por la orilla del mar con los pies sumergidos en el agua o explorando la monta\u00f1a en compa\u00f1\u00eda de sus perros. Tambi\u00e9n le encanta sumergirse en las p\u00e1ginas de un buen libro mientras se relaja en el porche de su hogar.\u00a0<\/span><\/p><p><span style=\"font-weight: 400; color: #ffffff;\">Con J\u00falia, encontrar tu hogar ideal es m\u00e1s que una b\u00fasqueda, es un viaje emocionante hacia la comodidad y la felicidad.<\/span><\/p>\t\t\t\t\t\t<\/div>\n\t\t\t\t<\/div>\n\t\t\t\t<\/div>\n\t\t<div class=\"elementor-element elementor-element-26a5aea e-flex e-con-boxed e-con e-parent\" data-id=\"26a5aea\" data-element_type=\"container\">\n\t\t\t\t\t<div class=\"e-con-inner\">\n\t\t\t\t<div class=\"elementor-element elementor-element-f4d4519 elementor-hidden-desktop elementor-widget elementor-widget-image\" data-id=\"f4d4519\" data-element_type=\"widget\" data-widget_type=\"image.default\">\n\t\t\t\t<div class=\"elementor-widget-container\">\n\t\t\t\t\t\t\t\t\t\t\t\t\t<img fetchpriority=\"high\" decoding=\"async\" width=\"648\" height=\"800\" src=\"http:\/\/immob.casa\/wp-content\/uploads\/2024\/12\/julia.jpg\" class=\"attachment-large size-large wp-image-11172\" alt=\"\" srcset=\"http:\/\/immob.casa\/wp-content\/uploads\/2024\/12\/julia.jpg 648w, http:\/\/immob.casa\/wp-content\/uploads\/2024\/12\/julia-243x300.jpg 243w\" sizes=\"(max-width: 648px) 100vw, 648px\" \/>\t\t\t\t\t\t\t\t\t\t\t\t\t<\/div>\n\t\t\t\t<\/div>\n\t\t\t\t<div class=\"elementor-element elementor-element-c932b6f elementor-widget__width-inherit elementor-hidden-desktop elementor-widget elementor-widget-text-editor\" data-id=\"c932b6f\" data-element_type=\"widget\" data-widget_type=\"text-editor.default\">\n\t\t\t\t<div class=\"elementor-widget-container\">\n\t\t\t\t\t\t\t<h2><span \"><b>J\u00falia Selva<\/b><\/span><\/h2>\n<h6><span><b>\u201cTu compa\u00f1era en la b\u00fasqueda del hogar ideal\u201d<\/b><\/span><\/h6>\n<span style=\"font-weight: 400; \">J\u00falia, empez\u00f3 el a\u00f1o 2017 en el sector inmobiliario buscando un cambio profesional tras su grado y trabajo en dise\u00f1o gr\u00e1fico y descubri\u00f3 su pasi\u00f3n por ayudar a las personas. Desde siempre, J\u00falia ha tenido un ojo afinado para lograr la armon\u00eda de los espacios, la decoraci\u00f3n y la creaci\u00f3n de ambientes acogedores.\u00a0<\/span>\n\n<span style=\"font-weight: 400; \">Su pasi\u00f3n radica en descubrir el confort y la vivienda perfecta que se adapte a las necesidades \u00fanicas de cada familia. Con una mentalidad de aprendizaje continuo, participa activamente en todas las formaciones del sector inmobiliario, asegur\u00e1ndose de estar al tanto de las \u00faltimas tendencias y novedades.\u00a0<\/span>\n\n<span style=\"font-weight: 400; \">Cuando no est\u00e1 inmersa en el mundo inmobiliario, encontrar\u00e1s a J\u00falia disfrutando de su tiempo libre con su familia, paseando por la orilla del mar con los pies sumergidos en el agua o explorando la monta\u00f1a en compa\u00f1\u00eda de sus perros. Tambi\u00e9n le encanta sumergirse en las p\u00e1ginas de un buen libro mientras se relaja en el porche de su hogar.\u00a0<\/span>\n\n<span style=\"font-weight: 400; \">Con J\u00falia, encontrar tu hogar ideal es m\u00e1s que una b\u00fasqueda, es un viaje emocionante hacia la comodidad y la felicidad.<\/span>\t\t\t\t\t\t<\/div>\n\t\t\t\t<\/div>\n\t\t\t\t\t<\/div>\n\t\t\t\t<\/div>\n\t\t<div class=\"elementor-element elementor-element-f1ad1cb e-flex e-con-boxed e-con e-parent\" data-id=\"f1ad1cb\" data-element_type=\"container\">\n\t\t\t\t\t<div class=\"e-con-inner\">\n\t\t\t\t<div class=\"elementor-element elementor-element-164b133 elementor-align-center elementor-widget elementor-widget-button\" data-id=\"164b133\" data-element_type=\"widget\" data-widget_type=\"button.default\">\n\t\t\t\t<div class=\"elementor-widget-container\">\n\t\t\t\t\t<div class=\"elementor-button-wrapper\">\n\t\t\t<a class=\"elementor-button elementor-button-link elementor-size-sm\" href=\"\/es\/equipo\">\n\t\t\t\t\t\t<span class=\"elementor-button-content-wrapper\">\n\t\t\t\t\t\t\t\t\t<span class=\"elementor-button-text\">Nuestro equipo<\/span>\n\t\t\t\t\t<\/span>\n\t\t\t\t\t<\/a>\n\t\t<\/div>\n\t\t\t\t<\/div>\n\t\t\t\t<\/div>\n\t\t\t\t\t<\/div>\n\t\t\t\t<\/div>\n\t\t<div class=\"elementor-element elementor-element-b590940 e-flex e-con-boxed e-con e-parent\" data-id=\"b590940\" data-element_type=\"container\">\n\t\t\t\t\t<div class=\"e-con-inner\">\n\t\t\t\t<div class=\"elementor-element elementor-element-5b7b749 elementor-widget elementor-widget-spacer\" data-id=\"5b7b749\" data-element_type=\"widget\" data-widget_type=\"spacer.default\">\n\t\t\t\t<div class=\"elementor-widget-container\">\n\t\t\t\t\t<div class=\"elementor-spacer\">\n\t\t\t<div class=\"elementor-spacer-inner\"><\/div>\n\t\t<\/div>\n\t\t\t\t<\/div>\n\t\t\t\t<\/div>\n\t\t\t\t\t<\/div>\n\t\t\t\t<\/div>\n\t\t\t\t<\/div>\n\t\t","protected":false},"excerpt":{"rendered":"<p>J\u00falia Selva \u201cTu compa\u00f1era en la b\u00fasqueda del hogar ideal\u201d J\u00falia, empez\u00f3 el a\u00f1o 2017 en el sector inmobiliario buscando un cambio profesional tras su grado y trabajo en dise\u00f1o gr\u00e1fico y descubri\u00f3 su pasi\u00f3n por ayudar a las personas. Desde siempre, J\u00falia ha tenido un ojo afinado para lograr la armon\u00eda de los espacios, [&hellip;]<\/p>\n","protected":false},"author":1,"featured_media":0,"parent":0,"menu_order":0,"comment_status":"closed","ping_status":"closed","template":"elementor_header_footer","meta":{"om_disable_all_campaigns":false,"_joinchat":[],"footnotes":""},"class_list":["post-10423","page","type-page","status-publish","hentry"],"yoast_head":"<!-- This site is optimized with the Yoast SEO plugin v25.6 - https:\/\/yoast.com\/wordpress\/plugins\/seo\/ -->\n<title>Nosotros<\/title>\n<meta name=\"robots\" content=\"index, follow, max-snippet:-1, max-image-preview:large, max-video-preview:-1\" \/>\n<link rel=\"canonical\" href=\"http:\/\/immob.casa\/es\/juliaselva\/\" \/>\n<meta property=\"og:locale\" content=\"es_ES\" \/>\n<meta property=\"og:type\" content=\"article\" \/>\n<meta property=\"og:title\" content=\"Nosotros\" \/>\n<meta property=\"og:description\" content=\"J\u00falia Selva \u201cTu compa\u00f1era en la b\u00fasqueda del hogar ideal\u201d J\u00falia, empez\u00f3 el a\u00f1o 2017 en el sector inmobiliario buscando un cambio profesional tras su grado y trabajo en dise\u00f1o gr\u00e1fico y descubri\u00f3 su pasi\u00f3n por ayudar a las personas. Desde siempre, J\u00falia ha tenido un ojo afinado para lograr la armon\u00eda de los espacios, [&hellip;]\" \/>\n<meta property=\"og:url\" content=\"http:\/\/immob.casa\/es\/juliaselva\/\" \/>\n<meta property=\"og:site_name\" content=\"IMMOB Assessors Immobiliaris\" \/>\n<meta property=\"article:modified_time\" content=\"2024-12-10T14:09:24+00:00\" \/>\n<meta property=\"og:image\" content=\"http:\/\/immob.casa\/wp-content\/uploads\/2024\/12\/julia.jpg\" \/>\n<meta name=\"twitter:card\" content=\"summary_large_image\" \/>\n<meta name=\"twitter:label1\" content=\"Tiempo de lectura\" \/>\n\t<meta name=\"twitter:data1\" content=\"2 minutos\" \/>\n<script type=\"application\/ld+json\" class=\"yoast-schema-graph\">{\"@context\":\"https:\/\/schema.org\",\"@graph\":[{\"@type\":\"WebPage\",\"@id\":\"http:\/\/immob.casa\/es\/juliaselva\/\",\"url\":\"http:\/\/immob.casa\/es\/juliaselva\/\",\"name\":\"Nosotros\",\"isPartOf\":{\"@id\":\"https:\/\/immob.casa\/es\/#website\"},\"primaryImageOfPage\":{\"@id\":\"http:\/\/immob.casa\/es\/juliaselva\/#primaryimage\"},\"image\":{\"@id\":\"http:\/\/immob.casa\/es\/juliaselva\/#primaryimage\"},\"thumbnailUrl\":\"http:\/\/immob.casa\/wp-content\/uploads\/2024\/12\/julia.jpg\",\"datePublished\":\"2024-10-12T14:16:13+00:00\",\"dateModified\":\"2024-12-10T14:09:24+00:00\",\"breadcrumb\":{\"@id\":\"http:\/\/immob.casa\/es\/juliaselva\/#breadcrumb\"},\"inLanguage\":\"es\",\"potentialAction\":[{\"@type\":\"ReadAction\",\"target\":[\"http:\/\/immob.casa\/es\/juliaselva\/\"]}]},{\"@type\":\"ImageObject\",\"inLanguage\":\"es\",\"@id\":\"http:\/\/immob.casa\/es\/juliaselva\/#primaryimage\",\"url\":\"http:\/\/immob.casa\/wp-content\/uploads\/2024\/12\/julia.jpg\",\"contentUrl\":\"http:\/\/immob.casa\/wp-content\/uploads\/2024\/12\/julia.jpg\"},{\"@type\":\"BreadcrumbList\",\"@id\":\"http:\/\/immob.casa\/es\/juliaselva\/#breadcrumb\",\"itemListElement\":[{\"@type\":\"ListItem\",\"position\":1,\"name\":\"Home\",\"item\":\"http:\/\/immob.casa\/es\/\"},{\"@type\":\"ListItem\",\"position\":2,\"name\":\"juliaselva\"}]},{\"@type\":\"WebSite\",\"@id\":\"https:\/\/immob.casa\/es\/#website\",\"url\":\"https:\/\/immob.casa\/es\/\",\"name\":\"Consejeros del hogar\",\"description\":\"IMMOB Assessors Immobiliaris\",\"potentialAction\":[{\"@type\":\"SearchAction\",\"target\":{\"@type\":\"EntryPoint\",\"urlTemplate\":\"https:\/\/immob.casa\/es\/?s={search_term_string}\"},\"query-input\":{\"@type\":\"PropertyValueSpecification\",\"valueRequired\":true,\"valueName\":\"search_term_string\"}}],\"inLanguage\":\"es\"}]}<\/script>\n<!-- \/ Yoast SEO plugin. -->","yoast_head_json":{"title":"Nosotros","robots":{"index":"index","follow":"follow","max-snippet":"max-snippet:-1","max-image-preview":"max-image-preview:large","max-video-preview":"max-video-preview:-1"},"canonical":"http:\/\/immob.casa\/es\/juliaselva\/","og_locale":"es_ES","og_type":"article","og_title":"Nosotros","og_description":"J\u00falia Selva \u201cTu compa\u00f1era en la b\u00fasqueda del hogar ideal\u201d J\u00falia, empez\u00f3 el a\u00f1o 2017 en el sector inmobiliario buscando un cambio profesional tras su grado y trabajo en dise\u00f1o gr\u00e1fico y descubri\u00f3 su pasi\u00f3n por ayudar a las personas. Desde siempre, J\u00falia ha tenido un ojo afinado para lograr la armon\u00eda de los espacios, [&hellip;]","og_url":"http:\/\/immob.casa\/es\/juliaselva\/","og_site_name":"IMMOB Assessors Immobiliaris","article_modified_time":"2024-12-10T14:09:24+00:00","og_image":[{"url":"http:\/\/immob.casa\/wp-content\/uploads\/2024\/12\/julia.jpg","type":"","width":"","height":""}],"twitter_card":"summary_large_image","twitter_misc":{"Tiempo de lectura":"2 minutos"},"schema":{"@context":"https:\/\/schema.org","@graph":[{"@type":"WebPage","@id":"http:\/\/immob.casa\/es\/juliaselva\/","url":"http:\/\/immob.casa\/es\/juliaselva\/","name":"Nosotros","isPartOf":{"@id":"https:\/\/immob.casa\/es\/#website"},"primaryImageOfPage":{"@id":"http:\/\/immob.casa\/es\/juliaselva\/#primaryimage"},"image":{"@id":"http:\/\/immob.casa\/es\/juliaselva\/#primaryimage"},"thumbnailUrl":"http:\/\/immob.casa\/wp-content\/uploads\/2024\/12\/julia.jpg","datePublished":"2024-10-12T14:16:13+00:00","dateModified":"2024-12-10T14:09:24+00:00","breadcrumb":{"@id":"http:\/\/immob.casa\/es\/juliaselva\/#breadcrumb"},"inLanguage":"es","potentialAction":[{"@type":"ReadAction","target":["http:\/\/immob.casa\/es\/juliaselva\/"]}]},{"@type":"ImageObject","inLanguage":"es","@id":"http:\/\/immob.casa\/es\/juliaselva\/#primaryimage","url":"http:\/\/immob.casa\/wp-content\/uploads\/2024\/12\/julia.jpg","contentUrl":"http:\/\/immob.casa\/wp-content\/uploads\/2024\/12\/julia.jpg"},{"@type":"BreadcrumbList","@id":"http:\/\/immob.casa\/es\/juliaselva\/#breadcrumb","itemListElement":[{"@type":"ListItem","position":1,"name":"Home","item":"http:\/\/immob.casa\/es\/"},{"@type":"ListItem","position":2,"name":"juliaselva"}]},{"@type":"WebSite","@id":"https:\/\/immob.casa\/es\/#website","url":"https:\/\/immob.casa\/es\/","name":"Consejeros del hogar","description":"IMMOB Assessors Immobiliaris","potentialAction":[{"@type":"SearchAction","target":{"@type":"EntryPoint","urlTemplate":"https:\/\/immob.casa\/es\/?s={search_term_string}"},"query-input":{"@type":"PropertyValueSpecification","valueRequired":true,"valueName":"search_term_string"}}],"inLanguage":"es"}]}},"_links":{"self":[{"href":"http:\/\/immob.casa\/es\/wp-json\/wp\/v2\/pages\/10423"}],"collection":[{"href":"http:\/\/immob.casa\/es\/wp-json\/wp\/v2\/pages"}],"about":[{"href":"http:\/\/immob.casa\/es\/wp-json\/wp\/v2\/types\/page"}],"author":[{"embeddable":true,"href":"http:\/\/immob.casa\/es\/wp-json\/wp\/v2\/users\/1"}],"replies":[{"embeddable":true,"href":"http:\/\/immob.casa\/es\/wp-json\/wp\/v2\/comments?post=10423"}],"version-history":[{"count":24,"href":"http:\/\/immob.casa\/es\/wp-json\/wp\/v2\/pages\/10423\/revisions"}],"predecessor-version":[{"id":11176,"href":"http:\/\/immob.casa\/es\/wp-json\/wp\/v2\/pages\/10423\/revisions\/11176"}],"wp:attachment":[{"href":"http:\/\/immob.casa\/es\/wp-json\/wp\/v2\/media?parent=10423"}],"curies":[{"name":"wp","href":"https:\/\/api.w.org\/{rel}","templated":true}]}}